{"id":133,"date":"2016-04-07T11:56:12","date_gmt":"2016-04-07T09:56:12","guid":{"rendered":"http:\/\/www.hochschulwettbewerb.net\/?page_id=133"},"modified":"2016-09-14T09:11:42","modified_gmt":"2016-09-14T07:11:42","slug":"jury","status":"publish","type":"page","link":"https:\/\/www.hochschulwettbewerb.net\/201617\/wettbewerb\/jury\/","title":{"rendered":"Die Jury"},"content":{"rendered":"<p>Die Fachjury des Hochschulwettbewerbs 2016*17 setzt sich aus Wissenschaftler\/-innen sowie Kommunikationsexpert\/-innen aus den Bereichen der Meeresforschung und Hochschulkommunikation zusammen. Sie bewerten die Projekte und k\u00fcren die Gewinner.\u00a0Die Jurymitglieder sind:<\/p>\n<p><strong>Friederike Balzereit<\/strong><br \/>\n\u00d6ffentlichkeitsarbeit Exzellenzcluster &#8222;Ozean der Zukunft&#8220;, Universit\u00e4t Kiel<\/p>\n<p><strong>Andrea Frank<\/strong><br \/>\nStifterverband f\u00fcr die Deutsche Wissenschaft, Leiterin Programmbereich &#8222;Forschung, Transfer und Wissenschaftsdialog&#8220;<\/p>\n<p><strong>Dr. Barbara Hentzsch<\/strong><br \/>\nDirektorat Leibniz-Institut f\u00fcr Ostseeforschung Warnem\u00fcnde<\/p>\n<p><strong>Dr. Meral K\u00f6brich<\/strong><br \/>\nVorstand Deutsche Gesellschaft f\u00fcr Meeresforschung<\/p>\n<p><strong>Dr. Gesche Krause<\/strong><br \/>\nAlfred Wegener Institut Bremerhaven<\/p>\n<p><strong>Prof. Dr. Kerstin Kremer<\/strong><br \/>\nLeibniz-Institut f\u00fcr die P\u00e4dagogik der Naturwissenschaften und Mathematik (IPN), Christian-Albrechts-Universit\u00e4t zu Kiel<\/p>\n<p><strong>Prof. Dr. Christian M\u00f6llmann<\/strong><br \/>\nInstitut f\u00fcr Hydrobiologie und Fischereiwissenschaft, Universit\u00e4t Hamburg<\/p>\n<p><strong>Susanne Schilden<\/strong><br \/>\nPressesprecherin Hochschulrektorenkonferenz<\/p>\n<p><strong>Prof. Dr. Maren Vo\u00df<\/strong><br \/>\nMeeresforscherin Leibniz-Institut f\u00fcr Ostseeforschung Warnem\u00fcnde<\/p>\n<p><strong>Julia Wandt<\/strong><br \/>\nLeiterin der Stabsstelle Kommunikation und Marketing sowie Pressesprecherin der Universit\u00e4t Konstanz, Vorsitzende des Bundesverbands Hochschulkommunikation.<\/p>\n<p><strong>Dipl.-Geogr. Josef Zens<\/strong><br \/>\nHelmholtz-Zentrum Potsdam Deutsches GeoForschungsZentrum<\/p>\n<p><strong>\u00a0<\/strong><\/p>\n<p>&nbsp;<\/p>\n<p><strong>\u00a0<\/strong><\/p>\n","protected":false},"excerpt":{"rendered":"<p>Die Fachjury des Hochschulwettbewerbs 2016*17 setzt sich aus Wissenschaftler\/-innen sowie Kommunikationsexpert\/-innen aus den Bereichen der Meeresforschung und<span class=\"ellipsis\">&hellip;<\/span><\/p>\n","protected":false},"author":2,"featured_media":0,"parent":27,"menu_order":0,"comment_status":"closed","ping_status":"closed","template":"","meta":{"_acf_changed":false,"footnotes":""},"class_list":["post-133","page","type-page","status-publish","hentry"],"acf":[],"aioseo_notices":[],"_links":{"self":[{"href":"https:\/\/www.hochschulwettbewerb.net\/201617\/wp-json\/wp\/v2\/pages\/133","targetHints":{"allow":["GET"]}}],"collection":[{"href":"https:\/\/www.hochschulwettbewerb.net\/201617\/wp-json\/wp\/v2\/pages"}],"about":[{"href":"https:\/\/www.hochschulwettbewerb.net\/201617\/wp-json\/wp\/v2\/types\/page"}],"author":[{"embeddable":true,"href":"https:\/\/www.hochschulwettbewerb.net\/201617\/wp-json\/wp\/v2\/users\/2"}],"replies":[{"embeddable":true,"href":"https:\/\/www.hochschulwettbewerb.net\/201617\/wp-json\/wp\/v2\/comments?post=133"}],"version-history":[{"count":64,"href":"https:\/\/www.hochschulwettbewerb.net\/201617\/wp-json\/wp\/v2\/pages\/133\/revisions"}],"predecessor-version":[{"id":449,"href":"https:\/\/www.hochschulwettbewerb.net\/201617\/wp-json\/wp\/v2\/pages\/133\/revisions\/449"}],"up":[{"embeddable":true,"href":"https:\/\/www.hochschulwettbewerb.net\/201617\/wp-json\/wp\/v2\/pages\/27"}],"wp:attachment":[{"href":"https:\/\/www.hochschulwettbewerb.net\/201617\/wp-json\/wp\/v2\/media?parent=133"}],"curies":[{"name":"wp","href":"https:\/\/api.w.org\/{rel}","templated":true}]}}