{"id":12,"date":"2016-03-15T18:51:17","date_gmt":"2016-03-15T17:51:17","guid":{"rendered":"http:\/\/localhost\/hsw\/site\/?page_id=12"},"modified":"2018-12-14T19:15:33","modified_gmt":"2018-12-14T18:15:33","slug":"disclaimer-datenschutz","status":"publish","type":"page","link":"https:\/\/www.hochschulwettbewerb.net\/2018\/disclaimer-datenschutz\/","title":{"rendered":"Disclaimer"},"content":{"rendered":"<p><span style=\"font-weight: 400; color: #000000;\">Die Informationen auf unseren Webseiten sind konzipiert und bestimmt f\u00fcr eine Nutzung in den Gebieten der Europ\u00e4ischen Union, des Europ\u00e4ischen Wirtschaftsraumes und der Schweiz. Die Nutzung erfolgt nach Ma\u00dfgabe der folgenden Bestimmungen:<\/span><\/p>\n<h4><span style=\"color: #000000;\"><strong>Allgemeines<\/strong><\/span><\/h4>\n<p><span style=\"font-weight: 400; color: #000000;\">Wir stellen auf diesen Seiten verschiedene Informationen und Daten (fortan: Inhalte) zur Verf\u00fcgung, die wir fortlaufend pr\u00fcfen und aktualisieren. Trotz aller Sorgfalt k\u00f6nnen sich die diesen Inhalten zugrunde liegenden Informationen und Daten inzwischen ver\u00e4ndert haben. Eine Haftung oder Garantie f\u00fcr die Aktualit\u00e4t, Richtigkeit, Vollst\u00e4ndigkeit oder Nutzbarkeit der zur Verf\u00fcgung gestellten Inhalte kann nicht \u00fcbernommen werden.<\/span><\/p>\n<h4><span style=\"color: #000000;\"><strong>Haftung f\u00fcr Inhalte<\/strong><\/span><\/h4>\n<p><span style=\"font-weight: 400; color: #000000;\">Wir \u00fcbernehmen keine Verantwortung daf\u00fcr, dass Inhalte auch von Orten au\u00dferhalb Deutschlands abgerufen oder heruntergeladen werden k\u00f6nnen und d\u00fcrfen. Wenn Nutzer von au\u00dferhalb Deutschlands auf Inhalte zugreifen, sind sie ausschlie\u00dflich selbst f\u00fcr die Einhaltung der nach dem jeweiligen nationalen Recht einschl\u00e4gigen Vorschriften verantwortlich. Der Zugang zu Inhalten von L\u00e4ndern aus, in denen dieser Zugang rechtswidrig ist, ist nicht gestattet.<\/span><\/p>\n<p><span style=\"font-weight: 400; color: #000000;\">Als Telemediendienstanbieter sind wir gem\u00e4\u00df \u00a7 7 Abs. 1 TMG f\u00fcr eigene Inhalte auf diesen Seiten nach den allgemeinen Gesetzen verantwortlich. Nach \u00a7\u00a7 8 bis 10 TMG sind wir als Anbieter jedoch nicht verpflichtet, \u00fcbermittelte oder gespeicherte fremde Inhalte zu \u00fcberwachen oder nach Umst\u00e4nden zu forschen, die auf eine rechtswidrige T\u00e4tigkeit hinweisen. Verpflichtungen zur Entfernung oder Sperrung der Nutzung von Inhalten nach den allgemeinen Gesetzen bleiben hiervon unber\u00fchrt. Eine diesbez\u00fcgliche Haftung kommt jedoch erst ab dem Zeitpunkt der Kenntnis einer konkreten Rechtsverletzung in Betracht. Bei Bekanntwerden von entsprechenden Rechtsverletzungen werden wir diese Inhalte umgehend entfernen.<\/span><\/p>\n<p><span style=\"color: #000000;\"><strong>Haftung f\u00fcr Links<\/strong><\/span><\/p>\n<p><span style=\"font-weight: 400; color: #000000;\">Wir sind f\u00fcr die Inhalte von Webseiten Dritter, auf die mittels Hyperlinks oder \u00e4hnlicher Verbindung verwiesen wird, nicht verantwortlich, da wir auf derlei Inhalte keinen Einfluss haben. F\u00fcr die Inhalte der verlinkten Seiten ist stets der jeweilige Anbieter oder Betreiber der Seiten verantwortlich. Die verlinkten Seiten wurden zum Zeitpunkt der Verlinkung auf m\u00f6gliche Rechtsverst\u00f6\u00dfe \u00fcberpr\u00fcft. Rechtswidrige Inhalte waren zum Zeitpunkt der Verlinkung nicht erkennbar. Eine permanente inhaltliche Kontrolle der verlinkten Seiten ist ohne konkrete Anhaltspunkte einer Rechtsverletzung nicht zumutbar. Bei Bekanntwerden von Rechtsverletzungen werden wir derartige Links umgehend entfernen.<\/span><\/p>\n<p><span style=\"color: #000000;\"><strong>Verbot kommerzieller Nutzung und Verwertung<\/strong><\/span><\/p>\n<p><span style=\"font-weight: 400; color: #000000;\">Die Nutzung sowie das Herunterladen der Inhalte unserer Webseiten sind ausschlie\u00dflich zu privaten, nicht-kommerziellen Zwecken gestattet. Dar\u00fcber hinausgehende Reproduktionen und Nutzungen sind untersagt und werden zivil- und strafrechtlich verfolgt.<\/span><\/p>\n<p><span style=\"color: #000000;\"><strong>Geistiges Eigentum<\/strong><\/span><\/p>\n<p><span style=\"font-weight: 400; color: #000000;\">Die bei uns liegenden Rechte des geistigen Eigentums &#8211; wie z.B. das Urheberrecht f\u00fcr ver\u00f6ffentlichte, von uns selbst erstellte Objekte auf unseren Seiten &#8211; verbleiben allein bei uns. Eine Vervielf\u00e4ltigung und\/oder Bearbeitung und\/oder Verbreitung und\/oder jedwede (sonstige) Verwertung solcher Objekte (z.B. Bilder, Grafiken, Design, Tondokumente, Videosequenzen, Programme und Texte) in anderen elektronischen oder gedruckten Publikationen ist ohne unsere ausdr\u00fcckliche schriftliche Zustimmung nicht gestattet. Soweit die Rechte des geistigen Eigentums bei Dritten liegen, bedarf es der ausdr\u00fccklichen schriftlichen Zustimmung des jeweiligen Rechteinhabers (z.B. Autors, Fotografen, Programmierers oder sonstigen Erstellers).<\/span><\/p>\n<p><span style=\"font-weight: 400; color: #000000;\">Soweit die Inhalte auf unseren Seiten nicht von uns selbst erstellt sind, werden die geistigen Eigentumsrechte Dritter beachtet. Insbesondere werden Inhalte Dritter als solche gekennzeichnet. Sollten Sie trotzdem auf eine Verletzung von Rechten des geistigen Eigentums aufmerksam werden, bitten wir um einen entsprechenden Hinweis. Bei Bekanntwerden von Rechtsverletzungen werden wir derartige Inhalte umgehend entfernen.<\/span><\/p>\n<h4><span style=\"color: #000000;\"><strong>Diensteinstellung<\/strong><\/span><\/h4>\n<p><span style=\"font-weight: 400; color: #000000;\">Wir behalten uns ausdr\u00fccklich vor, unsere Webseiten ohne gesonderte Ank\u00fcndigung zu ver\u00e4ndern, zu erg\u00e4nzen, zu l\u00f6schen oder die Ver\u00f6ffentlichung zeitweise oder endg\u00fcltig einzustellen oder deren URL zu \u00e4ndern.<\/span><\/p>\n<p><span style=\"color: #000000;\"><strong>Widerspruch gegen Werbe-Mails<\/strong><\/span><\/p>\n<p><span style=\"font-weight: 400; color: #000000;\">Der Nutzung von im Rahmen der Impressumspflicht ver\u00f6ffentlichten Kontaktdaten zur \u00dcbersendung von nicht ausdr\u00fccklich angeforderter Werbung und Informationsmaterialien wird hiermit widersprochen. Wir behalten uns ausdr\u00fccklich rechtliche Schritte im Falle der unverlangten Zusendung von Werbeinformationen, etwa durch Spam-E-Mails, vor.<\/span><\/p>\n<h4><span style=\"color: #000000;\"><strong>Sonstiges<\/strong><\/span><\/h4>\n<p><span style=\"font-weight: 400; color: #000000;\">Sofern Teile oder einzelne Formulierungen dieser Nutzungsbedingungen der geltenden Rechtslage nicht, nicht mehr oder nicht vollst\u00e4ndig entsprechen sollten, bleiben die \u00fcbrigen Teile der Nutzungsbestimmungen in ihrem Inhalt und in ihrer G\u00fcltigkeit davon unber\u00fchrt. F\u00fcr rechtliche Streitigkeiten im Zusammenhang mit der Nutzung unserer Telemediendienste gilt deutsches Recht (unter Ausschluss des UN-Kaufrechts), dies auch dann, wenn die Dienste in einem anderen Staat innerhalb der Europ\u00e4ischen Union oder des Europ\u00e4ischen Wirtschaftsraumes gesch\u00e4ftsm\u00e4\u00dfig angeboten oder erbracht werden, soweit sich nicht aus den Regeln des Internationalen Privatrechts etwas anderes ergibt. Gerichtsstand ist Berlin.<\/span><\/p>\n<p><span style=\"font-weight: 400; color: #000000;\">\u00a9 Wissenschaft im Dialog gGmbH. Alle Rechte vorbehalten.<\/span><\/p>\n<p>&nbsp;<\/p>\n<p>&nbsp;<\/p>\n","protected":false},"excerpt":{"rendered":"<p>Die Informationen auf unseren Webseiten sind konzipiert und bestimmt f\u00fcr eine Nutzung in den Gebieten der Europ\u00e4ischen<span class=\"ellipsis\">&hellip;<\/span><\/p>\n","protected":false},"author":1,"featured_media":0,"parent":0,"menu_order":0,"comment_status":"closed","ping_status":"closed","template":"","meta":{"_acf_changed":false,"footnotes":""},"class_list":["post-12","page","type-page","status-publish","hentry"],"acf":[],"aioseo_notices":[],"_links":{"self":[{"href":"https:\/\/www.hochschulwettbewerb.net\/2018\/wp-json\/wp\/v2\/pages\/12","targetHints":{"allow":["GET"]}}],"collection":[{"href":"https:\/\/www.hochschulwettbewerb.net\/2018\/wp-json\/wp\/v2\/pages"}],"about":[{"href":"https:\/\/www.hochschulwettbewerb.net\/2018\/wp-json\/wp\/v2\/types\/page"}],"author":[{"embeddable":true,"href":"https:\/\/www.hochschulwettbewerb.net\/2018\/wp-json\/wp\/v2\/users\/1"}],"replies":[{"embeddable":true,"href":"https:\/\/www.hochschulwettbewerb.net\/2018\/wp-json\/wp\/v2\/comments?post=12"}],"version-history":[{"count":6,"href":"https:\/\/www.hochschulwettbewerb.net\/2018\/wp-json\/wp\/v2\/pages\/12\/revisions"}],"predecessor-version":[{"id":1672,"href":"https:\/\/www.hochschulwettbewerb.net\/2018\/wp-json\/wp\/v2\/pages\/12\/revisions\/1672"}],"wp:attachment":[{"href":"https:\/\/www.hochschulwettbewerb.net\/2018\/wp-json\/wp\/v2\/media?parent=12"}],"curies":[{"name":"wp","href":"https:\/\/api.w.org\/{rel}","templated":true}]}}