{"id":50,"date":"2016-03-21T19:59:50","date_gmt":"2016-03-21T18:59:50","guid":{"rendered":"http:\/\/localhost\/hsw\/site\/?page_id=50"},"modified":"2018-11-12T15:02:58","modified_gmt":"2018-11-12T14:02:58","slug":"wettbewerbskriterien","status":"publish","type":"page","link":"https:\/\/www.hochschulwettbewerb.net\/2018\/wettbewerb\/wettbewerbskriterien\/","title":{"rendered":"Wettbewerbskriterien"},"content":{"rendered":"<p>F\u00fcr die Teilnahme am Hochschulwettbewerb im Wissenschaftsjahr 2019 m\u00fcssen folgende Kriterien erf\u00fcllt werden:<\/p>\n<ul>\n<li>Die eingereichten Projekte m\u00fcssen einen inhaltlichen Bezug zum Thema des Wissenschaftsjahres 2019 aufweisen.<\/li>\n<li>Die Projekte sollen interaktiv ausgestaltet sein und die \u00d6ffentlichkeit \u00fcber relevante Forschungsergebnisse informieren. Beispielsweise durch eine Ausstellung, ein Barcamp oder ein Computerspiel.<\/li>\n<li>Die Preisgelder in H\u00f6he von 10.000 Euro k\u00f6nnen nur an die Preistr\u00e4gerhochschulen ausgezahlt werden. Der jeweilige Fachbereich muss f\u00fcr die Preistr\u00e4gerprojekte die Einrichtung entsprechender Konten veranlassen und die Preisgelder verwalten.<\/li>\n<li>Alle pr\u00e4mierten Projekte m\u00fcssen im Wissenschaftsjahr 2019 bis zum 30. November 2019 umgesetzt und abgeschlossen werden.<\/li>\n<li>Die pr\u00e4mierten Projekte nutzen die Blogpage des Hochschulwettbewerbs zur regelm\u00e4\u00dfigen Dokumentation ihres Projektverlaufs. Sie haben die M\u00f6glichkeit \u00fcber den Loginbereich Text-, Video- und Bildartikel zu verfassen. Dar\u00fcber hinaus steht es ihnen frei, weitere Social-Media-Kan\u00e4le zu nutzen.<\/li>\n<li>Nach der Realisierung der Projekte m\u00fcssen ein Abschlussbericht und eine Kostenaufstellung zu den verwendeten Mitteln bis zum 31. Dezember 2019 eingereicht werden.<\/li>\n<\/ul>\n","protected":false},"excerpt":{"rendered":"<p>F\u00fcr die Teilnahme am Hochschulwettbewerb im Wissenschaftsjahr 2019 m\u00fcssen folgende Kriterien erf\u00fcllt werden: Die eingereichten Projekte m\u00fcssen<span class=\"ellipsis\">&hellip;<\/span><\/p>\n","protected":false},"author":1,"featured_media":0,"parent":27,"menu_order":1,"comment_status":"closed","ping_status":"closed","template":"","meta":{"_acf_changed":false,"footnotes":""},"class_list":["post-50","page","type-page","status-publish","hentry"],"acf":[],"aioseo_notices":[],"_links":{"self":[{"href":"https:\/\/www.hochschulwettbewerb.net\/2018\/wp-json\/wp\/v2\/pages\/50","targetHints":{"allow":["GET"]}}],"collection":[{"href":"https:\/\/www.hochschulwettbewerb.net\/2018\/wp-json\/wp\/v2\/pages"}],"about":[{"href":"https:\/\/www.hochschulwettbewerb.net\/2018\/wp-json\/wp\/v2\/types\/page"}],"author":[{"embeddable":true,"href":"https:\/\/www.hochschulwettbewerb.net\/2018\/wp-json\/wp\/v2\/users\/1"}],"replies":[{"embeddable":true,"href":"https:\/\/www.hochschulwettbewerb.net\/2018\/wp-json\/wp\/v2\/comments?post=50"}],"version-history":[{"count":8,"href":"https:\/\/www.hochschulwettbewerb.net\/2018\/wp-json\/wp\/v2\/pages\/50\/revisions"}],"predecessor-version":[{"id":1523,"href":"https:\/\/www.hochschulwettbewerb.net\/2018\/wp-json\/wp\/v2\/pages\/50\/revisions\/1523"}],"up":[{"embeddable":true,"href":"https:\/\/www.hochschulwettbewerb.net\/2018\/wp-json\/wp\/v2\/pages\/27"}],"wp:attachment":[{"href":"https:\/\/www.hochschulwettbewerb.net\/2018\/wp-json\/wp\/v2\/media?parent=50"}],"curies":[{"name":"wp","href":"https:\/\/api.w.org\/{rel}","templated":true}]}}