{"id":52,"date":"2016-03-21T20:00:20","date_gmt":"2016-03-21T19:00:20","guid":{"rendered":"http:\/\/localhost\/hsw\/site\/?page_id=52"},"modified":"2018-11-12T15:01:43","modified_gmt":"2018-11-12T14:01:43","slug":"teilnahmebedingungen","status":"publish","type":"page","link":"https:\/\/www.hochschulwettbewerb.net\/2018\/wettbewerb\/teilnahmebedingungen\/","title":{"rendered":"Teilnahmebedingungen"},"content":{"rendered":"<ul>\n<li>Zur Teilnahme am Wettbewerb sind Studierende, Promovierende und Nachwuchswissenschaftler\/-innen aller Fachbereiche an Hochschulen in Deutschland aufgerufen, deren Projekte\u00a0eine inhaltliche Besch\u00e4ftigung mit dem\u00a0Thema des Wissenschaftsjahr 2019 K\u00fcnstliche Intelligenz aufweisen.<\/li>\n<li>Die Teilnahme ist sowohl f\u00fcr Teams als auch f\u00fcr Einzelpersonen m\u00f6glich.<\/li>\n<li>Die Projektideen m\u00fcssen ab der zweiten Bewerbungsphase rechtsverbindlich, in der Regel also \u00fcber die Fachbereichs- oder Hochschulleitung eingereicht werden und von entsprechender Stelle an der Hochschule abgestempelt sein<strong>.<\/strong><\/li>\n<\/ul>\n","protected":false},"excerpt":{"rendered":"<p>Zur Teilnahme am Wettbewerb sind Studierende, Promovierende und Nachwuchswissenschaftler\/-innen aller Fachbereiche an Hochschulen in Deutschland aufgerufen, deren<span class=\"ellipsis\">&hellip;<\/span><\/p>\n","protected":false},"author":1,"featured_media":0,"parent":27,"menu_order":2,"comment_status":"closed","ping_status":"closed","template":"","meta":{"_acf_changed":false,"footnotes":""},"class_list":["post-52","page","type-page","status-publish","hentry"],"acf":[],"aioseo_notices":[],"_links":{"self":[{"href":"https:\/\/www.hochschulwettbewerb.net\/2018\/wp-json\/wp\/v2\/pages\/52","targetHints":{"allow":["GET"]}}],"collection":[{"href":"https:\/\/www.hochschulwettbewerb.net\/2018\/wp-json\/wp\/v2\/pages"}],"about":[{"href":"https:\/\/www.hochschulwettbewerb.net\/2018\/wp-json\/wp\/v2\/types\/page"}],"author":[{"embeddable":true,"href":"https:\/\/www.hochschulwettbewerb.net\/2018\/wp-json\/wp\/v2\/users\/1"}],"replies":[{"embeddable":true,"href":"https:\/\/www.hochschulwettbewerb.net\/2018\/wp-json\/wp\/v2\/comments?post=52"}],"version-history":[{"count":12,"href":"https:\/\/www.hochschulwettbewerb.net\/2018\/wp-json\/wp\/v2\/pages\/52\/revisions"}],"predecessor-version":[{"id":1522,"href":"https:\/\/www.hochschulwettbewerb.net\/2018\/wp-json\/wp\/v2\/pages\/52\/revisions\/1522"}],"up":[{"embeddable":true,"href":"https:\/\/www.hochschulwettbewerb.net\/2018\/wp-json\/wp\/v2\/pages\/27"}],"wp:attachment":[{"href":"https:\/\/www.hochschulwettbewerb.net\/2018\/wp-json\/wp\/v2\/media?parent=52"}],"curies":[{"name":"wp","href":"https:\/\/api.w.org\/{rel}","templated":true}]}}