{"id":8,"date":"2016-03-15T18:46:54","date_gmt":"2016-03-15T17:46:54","guid":{"rendered":"http:\/\/localhost\/hsw\/site\/?page_id=8"},"modified":"2019-02-12T18:20:47","modified_gmt":"2019-02-12T17:20:47","slug":"wissenschaftsjahr","status":"publish","type":"page","link":"https:\/\/www.hochschulwettbewerb.net\/2018\/wissenschaftsjahr\/","title":{"rendered":"Wissenschaftsjahr"},"content":{"rendered":"<p>Jedes Jahr ein neues Motto: Seit 2000 rufen das Bundesministerium f\u00fcr Bildung und Forschung (BMBF) und Wissenschaft im Dialog gemeinsam ein Wissenschaftsjahr aus. Viele hunderte Partner aus Wissenschaft, Wirtschaft, Bildung, Kultur und Politik \u00f6ffnen daraufhin die T\u00fcren ihrer Einrichtungen. Sie laden dazu ein, einen Blick auf die Entwicklungen und Forschungen des jeweiligen Mottos zu werfen.<\/p>\n<p>Egal, ob im Verkehr, Haushalt oder in der Gesundheit \u2013 K\u00fcnstliche Intelligenz (KI) etabliert sich in fast allen Bereichen der Wirtschaft, der Arbeit und des Privatlebens und ver\u00e4ndert das Zusammenleben der Menschen. Im Mittelpunkt des Wissenschaftsjahres 2019 zum Thema K\u00fcnstliche Intelligenz steht die Frage nach Reichweite und Tiefe dieser Ver\u00e4nderungen.<\/p>\n<p>Die Wissenschaftsjahre sind eine Initiative des Bundesministeriums f\u00fcr Bildung und Forschung (BMBF) gemeinsam mit Wissenschaft im Dialog (WiD). Sie tragen als zentrales Instrument der Wissenschaftskommunikation Forschung in die \u00d6ffentlichkeit und unterst\u00fctzen den Dialog zwischen Forschung und Gesellschaft..<\/p>\n<p>Mehr Informationen zum aktuellen Wissenschaftsjahr unter <a href=\"http:\/\/www.wissenschaftsjahr.de\" target=\"_blank\" rel=\"noopener\">www.wissenschaftsjahr.de<\/a><\/p>\n","protected":false},"excerpt":{"rendered":"<p>Jedes Jahr ein neues Motto: Seit 2000 rufen das Bundesministerium f\u00fcr Bildung und Forschung (BMBF) und Wissenschaft<span class=\"ellipsis\">&hellip;<\/span><\/p>\n","protected":false},"author":1,"featured_media":0,"parent":0,"menu_order":0,"comment_status":"closed","ping_status":"closed","template":"","meta":{"_acf_changed":false,"footnotes":""},"class_list":["post-8","page","type-page","status-publish","hentry"],"acf":[],"aioseo_notices":[],"_links":{"self":[{"href":"https:\/\/www.hochschulwettbewerb.net\/2018\/wp-json\/wp\/v2\/pages\/8","targetHints":{"allow":["GET"]}}],"collection":[{"href":"https:\/\/www.hochschulwettbewerb.net\/2018\/wp-json\/wp\/v2\/pages"}],"about":[{"href":"https:\/\/www.hochschulwettbewerb.net\/2018\/wp-json\/wp\/v2\/types\/page"}],"author":[{"embeddable":true,"href":"https:\/\/www.hochschulwettbewerb.net\/2018\/wp-json\/wp\/v2\/users\/1"}],"replies":[{"embeddable":true,"href":"https:\/\/www.hochschulwettbewerb.net\/2018\/wp-json\/wp\/v2\/comments?post=8"}],"version-history":[{"count":10,"href":"https:\/\/www.hochschulwettbewerb.net\/2018\/wp-json\/wp\/v2\/pages\/8\/revisions"}],"predecessor-version":[{"id":1743,"href":"https:\/\/www.hochschulwettbewerb.net\/2018\/wp-json\/wp\/v2\/pages\/8\/revisions\/1743"}],"wp:attachment":[{"href":"https:\/\/www.hochschulwettbewerb.net\/2018\/wp-json\/wp\/v2\/media?parent=8"}],"curies":[{"name":"wp","href":"https:\/\/api.w.org\/{rel}","templated":true}]}}