{"id":25,"date":"2016-03-21T18:43:33","date_gmt":"2016-03-21T17:43:33","guid":{"rendered":"http:\/\/localhost\/hsw\/site\/?page_id=25"},"modified":"2019-11-18T08:23:19","modified_gmt":"2019-11-18T07:23:19","slug":"2019-2","status":"publish","type":"page","link":"https:\/\/www.hochschulwettbewerb.net\/2019\/2019-2\/","title":{"rendered":"Der Wettbewerb 2020"},"content":{"rendered":"<p><strong>Wissenschaftsjahr 2020 \u2013 Bio\u00f6konomie<\/strong><\/p>\n<p>In Zeiten des Klimawandels, eines dramatischen R\u00fcckgangs der Artenvielfalt und einer wachsenden Weltbev\u00f6lkerung, ist der Mensch mehr denn je gefordert, die nat\u00fcrlichen Ressourcen der Erde effizient und verantwortungsvoll zu nutzen. Bio\u00f6konomie \u2013 und damit die nachhaltige Nutzung nat\u00fcrlicher Stoffe und Ressourcen \u2013 ist Thema des Wissenschaftsjahres 2020. In der \u00d6ffentlichkeit ist der Begriff Bio\u00f6konomie noch wenig bekannt, wohl aber einzelne Anwendungen wie beispielsweise Biokraftstoffe oder kompostierbare Kunststoffe. Das Konzept der Bio\u00f6konomie verbindet diese zu einer gesamtgesellschaftlich organisierten Kreislaufwirtschaft.<\/p>\n<p><strong>Hochschulwettbewerb \u2013 Zeigt eure Forschung!<\/strong><\/p>\n<p>Studierende und junge Forschende k\u00f6nnen sich aktiv am Wissenschaftsjahr beteiligen. Im Rahmen des Hochschulwettbewerbs sucht Wissenschaft im Dialog (WiD) Ideen und Konzepte zur Vermittlung von Forschungsprojekten, die sich mit Bio\u00f6konomie befassen. Mit ihrem Wettbewerbsbeitrag sollen die jungen Forschenden ihre Arbeit einer breiten \u00d6ffentlichkeit zug\u00e4nglich machen und gleichzeitig deren gesellschaftliche Bedeutung hervorheben.<\/p>\n<p><strong><span style=\"color: #993366;\">Die 15 besten Vorschl\u00e4ge werden mit je 10.000 \u20ac zur Umsetzung<\/span><\/strong> der Ideen und mit einem Workshop zur Wissenschaftskommunikation belohnt.<\/p>\n<p><strong>Wer?<\/strong><\/p>\n<p>Teilnehmen k\u00f6nnen Studierende, Promovierende sowie junge Forschende aller Fachrichtungen.<\/p>\n<p><strong>Was?<\/strong><\/p>\n<p>Ein Planspiel zur zuk\u00fcnftigen Ern\u00e4hrung der Weltbev\u00f6lkerung, eine App die uns \u00fcber die Produktionsweise unserer Alltagsgegenst\u00e4nde informiert oder ein Barcamp zu Konzepten eines nachhaltigen Wirtschaftssystems: Gefragt sind kreative Kommunikationsideen, die Forschungsergebnisse zum Thema Bio\u00f6konomie in die \u00d6ffentlichkeit bringen. Kurz: Formate, die zum Dialog \u00fcber das Thema des Wissenschaftsjahres 2020 einladen.<\/p>\n<p>&nbsp;<\/p>\n<p style=\"text-align: center;\"><span style=\"color: #993366;\"><em><strong>Die Wettbewerbsfrist f\u00fcr das Jahr 2020 ist seit dem 15. November beendet. <\/strong><\/em><em><strong>Unsere Jury bewertet nun die Einreichungen. <\/strong><\/em><em><strong>Mit einer R\u00fcckmeldung ist Mitte Februar 2020 zu rechnen!\u00a0<\/strong><\/em><\/span><\/p>\n<p>&nbsp;<\/p>\n<p>&nbsp;<\/p>\n","protected":false},"excerpt":{"rendered":"<p>Wissenschaftsjahr 2020 \u2013 Bio\u00f6konomie In Zeiten des Klimawandels, eines dramatischen R\u00fcckgangs der Artenvielfalt und einer wachsenden Weltbev\u00f6lkerung, ist der Mensch mehr denn je gefordert, die nat\u00fcrlichen Ressourcen der Erde effizient<span class=\"ellipsis\">&hellip;<\/span><\/p>\n","protected":false},"author":1,"featured_media":0,"parent":0,"menu_order":5,"comment_status":"closed","ping_status":"closed","template":"","meta":{"_acf_changed":false,"footnotes":""},"class_list":["post-25","page","type-page","status-publish","hentry"],"acf":[],"aioseo_notices":[],"_links":{"self":[{"href":"https:\/\/www.hochschulwettbewerb.net\/2019\/wp-json\/wp\/v2\/pages\/25","targetHints":{"allow":["GET"]}}],"collection":[{"href":"https:\/\/www.hochschulwettbewerb.net\/2019\/wp-json\/wp\/v2\/pages"}],"about":[{"href":"https:\/\/www.hochschulwettbewerb.net\/2019\/wp-json\/wp\/v2\/types\/page"}],"author":[{"embeddable":true,"href":"https:\/\/www.hochschulwettbewerb.net\/2019\/wp-json\/wp\/v2\/users\/1"}],"replies":[{"embeddable":true,"href":"https:\/\/www.hochschulwettbewerb.net\/2019\/wp-json\/wp\/v2\/comments?post=25"}],"version-history":[{"count":50,"href":"https:\/\/www.hochschulwettbewerb.net\/2019\/wp-json\/wp\/v2\/pages\/25\/revisions"}],"predecessor-version":[{"id":2382,"href":"https:\/\/www.hochschulwettbewerb.net\/2019\/wp-json\/wp\/v2\/pages\/25\/revisions\/2382"}],"wp:attachment":[{"href":"https:\/\/www.hochschulwettbewerb.net\/2019\/wp-json\/wp\/v2\/media?parent=25"}],"curies":[{"name":"wp","href":"https:\/\/api.w.org\/{rel}","templated":true}]}}