{"id":25,"date":"2016-03-21T18:43:33","date_gmt":"2016-03-21T17:43:33","guid":{"rendered":"http:\/\/localhost\/hsw\/site\/?page_id=25"},"modified":"2021-10-18T15:45:09","modified_gmt":"2021-10-18T13:45:09","slug":"wettbewerb","status":"publish","type":"page","link":"https:\/\/www.hochschulwettbewerb.net\/2020\/wettbewerb\/","title":{"rendered":"Der Wettbewerb 2022"},"content":{"rendered":"<p>Der Hochschulwettbewerb im Wissenschaftsjahr 2022: Mitforschen erw\u00fcnscht!<\/p>\n<p><a href=\"https:\/\/www.hochschulwettbewerb.net\/2022\/\">Hier geht es zur Hochschulwettbewerb Webseite 2022<\/a><\/p>\n<p><img loading=\"lazy\" decoding=\"async\" class=\"aligncenter size-large wp-image-3229\" src=\"https:\/\/www.hochschulwettbewerb.net\/2020\/wp-content\/uploads\/2021\/10\/HSW_Ausschreibung_WP-1024x576.png\" alt=\"\" width=\"750\" height=\"422\" srcset=\"https:\/\/www.hochschulwettbewerb.net\/2020\/wp-content\/uploads\/2021\/10\/HSW_Ausschreibung_WP-1024x576.png 1024w, https:\/\/www.hochschulwettbewerb.net\/2020\/wp-content\/uploads\/2021\/10\/HSW_Ausschreibung_WP-300x169.png 300w, https:\/\/www.hochschulwettbewerb.net\/2020\/wp-content\/uploads\/2021\/10\/HSW_Ausschreibung_WP-768x432.png 768w, https:\/\/www.hochschulwettbewerb.net\/2020\/wp-content\/uploads\/2021\/10\/HSW_Ausschreibung_WP-1536x864.png 1536w, https:\/\/www.hochschulwettbewerb.net\/2020\/wp-content\/uploads\/2021\/10\/HSW_Ausschreibung_WP-2048x1152.png 2048w, https:\/\/www.hochschulwettbewerb.net\/2020\/wp-content\/uploads\/2021\/10\/HSW_Ausschreibung_WP-1280x720.png 1280w, https:\/\/www.hochschulwettbewerb.net\/2020\/wp-content\/uploads\/2021\/10\/HSW_Ausschreibung_WP-320x180.png 320w, https:\/\/www.hochschulwettbewerb.net\/2020\/wp-content\/uploads\/2021\/10\/HSW_Ausschreibung_WP-100x56.png 100w, https:\/\/www.hochschulwettbewerb.net\/2020\/wp-content\/uploads\/2021\/10\/HSW_Ausschreibung_WP-150x84.png 150w, https:\/\/www.hochschulwettbewerb.net\/2020\/wp-content\/uploads\/2021\/10\/HSW_Ausschreibung_WP-200x113.png 200w, https:\/\/www.hochschulwettbewerb.net\/2020\/wp-content\/uploads\/2021\/10\/HSW_Ausschreibung_WP-450x253.png 450w, https:\/\/www.hochschulwettbewerb.net\/2020\/wp-content\/uploads\/2021\/10\/HSW_Ausschreibung_WP-600x338.png 600w, https:\/\/www.hochschulwettbewerb.net\/2020\/wp-content\/uploads\/2021\/10\/HSW_Ausschreibung_WP-900x506.png 900w\" sizes=\"auto, (max-width: 750px) 100vw, 750px\" \/><\/p>\n<p>Klimawandel, Digitalisierung, Pandemie \u2013 die globalen Herausforderungen des 21. Jahrhunderts zeigen unmittelbar, wie bedeutend Wissenschaft und Forschung f\u00fcr Individuum und Gesellschaft sind. Um diesen Herausforderungen wirksam entgegenzutreten, ist insbesondere ein enges Zusammenwirken von Wissenschaft und Gesellschaft unerl\u00e4sslich.<\/p>\n<p>Im <a href=\"https:\/\/www.wissenschaftsjahr.de\/\"><b>themenoffenen Wissenschaftsjahr 2022 \u2013 Nachgefragt!<\/b><\/a> sind Studierende, Promovierende und junge Forschende eingeladen, aktiv eine Br\u00fccke zwischen Bev\u00f6lkerung und Forschung zu schlagen: Im Rahmen des Hochschulwettbewerbs sucht <a href=\"https:\/\/www.wissenschaft-im-dialog.de\/\"><i>Wissenschaft im Dialog (WiD) <\/i><\/a>kreative und interaktive Projekte, die Forschung und Kommunikation zusammen denken, indem sie gemeinsam mit der lokalen Bev\u00f6lkerung durchgef\u00fchrt werden und Fragen der \u00d6ffentlichkeit in ihre Forschung mit einbeziehen. Es werden also <b>Kommunikationsideen <\/b>gef\u00f6rdert, bei denen die <b>Einbindung von B\u00fcrger*innen integraler Bestandteil<\/b> des Projekts ist. Auf diese Weise profitiert die Forschung unmittelbar von Impulsen aus der Bev\u00f6lkerung. Gleichzeitig erhalten B\u00fcrger*innen durch die <b>starke Einbindung der jeweiligen Fachbereiche<\/b> einen intensiven Einblick in die Forschungsgebiete und wissenschaftliche Arbeitsweise.<\/p>\n<p>Die <b>besten 15 Projektideen werden mit je 10.000 \u20ac zur Umsetzung<\/b> der Partizipationsvorhaben gef\u00f6rdert und mit Weiterbildungsm\u00f6glichkeiten im Bereich der Wissenschaftskommunikation sowie dem Zugang zum Alumni-Netzwerk des Hochschulwettbewerbs belohnt.<\/p>\n<p>&nbsp;<\/p>\n<p><b>Wer kann mitmachen?<\/b><\/p>\n<p>Teilnehmen k\u00f6nnen <b>Studierende, Promovierende sowie junge Forschende aller Fachrichtungen<\/b>.<\/p>\n<p>Die Beteiligung ist sowohl f\u00fcr<b> Teams<\/b> als auch f\u00fcr <b>Einzelpersonen<\/b> aller Hochschulen und au\u00dferuniversit\u00e4ren Forschungseinrichtungen im gesamten deutschen Bundesgebiet m\u00f6glich.<\/p>\n<p>&nbsp;<\/p>\n<p><b>Worum soll es gehen?\u00a0<\/b><\/p>\n<p>Ein mobiles Forschungslabor, das gemeinsam mit der lokalen Bev\u00f6lkerung Umweltdaten erhebt, ein Mitmach-Podcast oder eine studentische Initiative, die gemeinsam mit Pflegebed\u00fcrftigen die Zukunft der Pflege neu denkt: Gesucht werden Projekte, die die <b>Bev\u00f6lkerung gezielt einbinden<\/b>, die Synergien von Wissenschaft und Bev\u00f6lkerung nutzen und intensivieren sowie das <b>Verst\u00e4ndnis f\u00fcr wissenschaftliche Prozesse und Methoden<\/b> f\u00f6rdern.<\/p>\n<p>Kurzum: Projekte, die auf kreative Weise die vielen verschiedenen Dimensionen der <b>gesellschaftlichen Partizipation <\/b>an Wissenschaft und Forschung ausloten.<\/p>\n<p>Im diesj\u00e4hrigen Hochschulwettbewerb lautet das <b>Motto \u201cMitforschen erw\u00fcnscht!\u201d<\/b>.<\/p>\n<p>&nbsp;<\/p>\n<p><b>Worauf kommt es an?<\/b><\/p>\n<p>Die Projektskizzen werden anhand folgender Aspekte von der Jury bewertet:<\/p>\n<ul>\n<li aria-level=\"1\">Interaktivit\u00e4t der Projektidee<\/li>\n<li aria-level=\"1\">Ausgestaltung der Partizipationsm\u00f6glichkeiten der B\u00fcrger*innen<\/li>\n<li aria-level=\"1\">Kommunikationskonzept<\/li>\n<li aria-level=\"1\">Einbindung des jeweiligen Fachbereichs und weiterer Partner*innen<\/li>\n<li aria-level=\"1\">Inhaltliche Qualit\u00e4t der Projektidee und Einbeziehung wissenschaftlicher Ergebnisse<\/li>\n<li aria-level=\"1\">Definition und Ansprache der Zielgruppen<\/li>\n<\/ul>\n<p>&nbsp;<\/p>\n<p><b>Wie kann man teilnehmen?<\/b><\/p>\n<p>Bis zum <b>30. November 2021 <\/b>das <a href=\"https:\/\/www.hochschulwettbewerb.net\/2022\/bewerbungsformular-2\/\">Bewerbungsformular<\/a> auf der Webseite des Hochschulwettbewerbs ausf\u00fcllen.<\/p>\n<p>&nbsp;<\/p>\n<p><b>Wie geht es weiter?\u00a0<\/b><\/p>\n<ul>\n<li aria-level=\"1\"><b>30. November 2021<\/b>: Frist zum Ausf\u00fcllen des <a href=\"https:\/\/www.hochschulwettbewerb.net\/2022\/bewerbungsformular-2\/\">Online-Bewerbungsformulars<\/a> (ca. 300 W\u00f6rter)<\/li>\n<li aria-level=\"1\"><b>Mitte Dezember 2021<\/b>: Vorauswahl von ca. 30 Skizzen und R\u00fcckmeldung an die Bewerber*innen<\/li>\n<li aria-level=\"1\"><b>15. Januar 2021<\/b>: Frist zur Einreichung der Detailskizzen (maximal f\u00fcnf Seiten)<\/li>\n<li aria-level=\"1\"><b>Mitte Februar: <\/b>Jurysitzung, Bekanntgabe der Gewinner*innen und Beginn der Umsetzung von 15 ausgew\u00e4hlten Projektideen<\/li>\n<li aria-level=\"1\"><b>Ende Februar 2022:<\/b> Auftakt-Workshop mit allen Gewinner*innen (analog geplant)<\/li>\n<li aria-level=\"1\"><b>Laufend:<\/b> Workshops, Fortbildungen und Schulungen f\u00fcr die Gewinner*innen (digital)<\/li>\n<li aria-level=\"1\"><b>30. November 2022<\/b>: Projektabschluss und Auszeichnung der besten drei Kommunikationsprojekte (analog geplant)<\/li>\n<\/ul>\n","protected":false},"excerpt":{"rendered":"<p>Der Hochschulwettbewerb im Wissenschaftsjahr 2022: Mitforschen erw\u00fcnscht! Hier geht es zur Hochschulwettbewerb Webseite 2022 Klimawandel, Digitalisierung, Pandemie \u2013 die globalen Herausforderungen des 21. Jahrhunderts zeigen unmittelbar, wie bedeutend Wissenschaft und<span class=\"ellipsis\">&hellip;<\/span><\/p>\n","protected":false},"author":1,"featured_media":0,"parent":0,"menu_order":5,"comment_status":"closed","ping_status":"closed","template":"","meta":{"_acf_changed":false,"footnotes":""},"class_list":["post-25","page","type-page","status-publish","hentry"],"acf":[],"aioseo_notices":[],"_links":{"self":[{"href":"https:\/\/www.hochschulwettbewerb.net\/2020\/wp-json\/wp\/v2\/pages\/25","targetHints":{"allow":["GET"]}}],"collection":[{"href":"https:\/\/www.hochschulwettbewerb.net\/2020\/wp-json\/wp\/v2\/pages"}],"about":[{"href":"https:\/\/www.hochschulwettbewerb.net\/2020\/wp-json\/wp\/v2\/types\/page"}],"author":[{"embeddable":true,"href":"https:\/\/www.hochschulwettbewerb.net\/2020\/wp-json\/wp\/v2\/users\/1"}],"replies":[{"embeddable":true,"href":"https:\/\/www.hochschulwettbewerb.net\/2020\/wp-json\/wp\/v2\/comments?post=25"}],"version-history":[{"count":72,"href":"https:\/\/www.hochschulwettbewerb.net\/2020\/wp-json\/wp\/v2\/pages\/25\/revisions"}],"predecessor-version":[{"id":3221,"href":"https:\/\/www.hochschulwettbewerb.net\/2020\/wp-json\/wp\/v2\/pages\/25\/revisions\/3221"}],"wp:attachment":[{"href":"https:\/\/www.hochschulwettbewerb.net\/2020\/wp-json\/wp\/v2\/media?parent=25"}],"curies":[{"name":"wp","href":"https:\/\/api.w.org\/{rel}","templated":true}]}}