{"id":11,"date":"2019-03-03T19:52:24","date_gmt":"2019-03-03T18:52:24","guid":{"rendered":"http:\/\/www.hochschulwettbewerb.net\/2019\/projectpreset\/?page_id=11"},"modified":"2022-04-27T12:02:11","modified_gmt":"2022-04-27T10:02:11","slug":"termine","status":"publish","type":"page","link":"https:\/\/www.hochschulwettbewerb.net\/2022\/chemnitz\/termine\/","title":{"rendered":"Termine"},"content":{"rendered":"<p><strong>Mitmach-Nachmittage, immer Mittwochnachmittag<\/strong><\/p>\n<p>Die Mitmach-Nachmittage haben einen wechselnden inhaltlichen Schwerpunkt und einen aktiven Charakter zur Beteiligung: wir analysieren, diskutieren und entwickeln Ideen. Hier geht es um die Meinung, Fragen und auch Bedenken der Teilnehmenden 65+.<\/p>\n<p>Die Veranstaltungen finden im Stadtlabor, lautet Br\u00fchl 40, 09111 Chemnitz statt.<\/p>\n<p>Folgende Termine sind geplant:<\/p>\n<ul>\n<li><strong>04.05.22 von 15-17 Uhr: Auftakt und Einf\u00fchrung-<\/strong> lassen Sie uns einander kennenlernen, ich stelle das Projekt vor. Zudem k\u00f6nnen wir Erwartungen kl\u00e4ren und alle offenen Fragen zum Programm besprechen<\/li>\n<li><strong>18.05.22 von 15-17 Uhr: \u201eWas steckt hinter der Verpackung?<\/strong>\u201c Verpackungen und Werbung versprechen viel, wir schauen mal dahinter. Wie nimmt man so ein Ger\u00e4t in Betrieb, wie gut l\u00e4sst es bedienen?<\/li>\n<li><strong>01.06.22 von 15-17 Uhr: \u201eSchlaue Technik selber erfinden\u201c 1.Runde: <\/strong>Wie sieht denn schlaue Technik aus, wenn Sie es selbst erfinden k\u00f6nnten? Wagen wir es!<\/li>\n<li><strong>15.06.22 von 15-17 Uhr: \u201eSchlaue Technik selber erfinden\u201c 2. Runde\u00a0 <\/strong>Fortsetzung und vielleicht mit noch mehr guten Ideen Ihrerseits.<\/li>\n<li><strong>06.07.22 von 14-16 und 16-18 Uhr: H\u00f6ren und geh\u00f6rt werden. <\/strong>Wir testen Audio-Assistenten in der Praxis. Ob sie unser zuhause sicherer machen k\u00f6nnen oder man endlich mal die Bahnansage versteht, das ist die Frage des Nachmittags.<\/li>\n<li><strong>13.07.22 von 15-17 Uhr: Abschlussrunde. <\/strong>Wie geht es weiter? Was hat Ihnen gefallen, was nicht?<\/li>\n<\/ul>\n<p><b>Technikcaf\u00e9-Nachmittage<\/b><\/p>\n<p>An den Mittwochnachmittagen, an denen kein Mitmachnachmittag stattfindet, ist das Stadtlabor ohne geplantes Programm f\u00fcr Ihre Fragen und Gedanken offen. Kommen Sie gern einfach vorbei und diskutieren mit uns einzeln oder in kleinen Gruppen \u00fcber Ideen, Fragen und \u00c4ngste rund um neuere und smarte Technik in Ihrem Alltag. Der erste Termin ist am 11.05 und bis einschlie\u00dflich 29.06 gibt es Technikcaf\u00e9-Nachmittage von 15-17 Uhr im Stadtlabor.<\/p>\n","protected":false},"excerpt":{"rendered":"<p>Mitmach-Nachmittage, immer Mittwochnachmittag Die Mitmach-Nachmittage haben einen wechselnden inhaltlichen Schwerpunkt und einen aktiven Charakter zur Beteiligung: wir analysieren, diskutieren und entwickeln Ideen. Hier geht es um die Meinung, Fragen und<span class=\"ellipsis\">&hellip;<\/span><\/p>\n","protected":false},"author":1,"featured_media":0,"parent":0,"menu_order":0,"comment_status":"closed","ping_status":"closed","template":"","meta":{"_acf_changed":false,"footnotes":""},"class_list":["post-11","page","type-page","status-publish","hentry"],"acf":[],"aioseo_notices":[],"_links":{"self":[{"href":"https:\/\/www.hochschulwettbewerb.net\/2022\/chemnitz\/wp-json\/wp\/v2\/pages\/11","targetHints":{"allow":["GET"]}}],"collection":[{"href":"https:\/\/www.hochschulwettbewerb.net\/2022\/chemnitz\/wp-json\/wp\/v2\/pages"}],"about":[{"href":"https:\/\/www.hochschulwettbewerb.net\/2022\/chemnitz\/wp-json\/wp\/v2\/types\/page"}],"author":[{"embeddable":true,"href":"https:\/\/www.hochschulwettbewerb.net\/2022\/chemnitz\/wp-json\/wp\/v2\/users\/1"}],"replies":[{"embeddable":true,"href":"https:\/\/www.hochschulwettbewerb.net\/2022\/chemnitz\/wp-json\/wp\/v2\/comments?post=11"}],"version-history":[{"count":3,"href":"https:\/\/www.hochschulwettbewerb.net\/2022\/chemnitz\/wp-json\/wp\/v2\/pages\/11\/revisions"}],"predecessor-version":[{"id":48,"href":"https:\/\/www.hochschulwettbewerb.net\/2022\/chemnitz\/wp-json\/wp\/v2\/pages\/11\/revisions\/48"}],"wp:attachment":[{"href":"https:\/\/www.hochschulwettbewerb.net\/2022\/chemnitz\/wp-json\/wp\/v2\/media?parent=11"}],"curies":[{"name":"wp","href":"https:\/\/api.w.org\/{rel}","templated":true}]}}