{"id":133,"date":"2016-04-07T11:56:12","date_gmt":"2016-04-07T09:56:12","guid":{"rendered":"http:\/\/www.hochschulwettbewerb.net\/?page_id=133"},"modified":"2022-01-05T10:52:20","modified_gmt":"2022-01-05T09:52:20","slug":"jury","status":"publish","type":"page","link":"https:\/\/www.hochschulwettbewerb.net\/2022\/jury\/","title":{"rendered":"Die Jury"},"content":{"rendered":"<p>Die Fachjury des Hochschulwettbewerbs 2022 setzt sich aus Wissenschaftler*innen sowie Kommunikationsexpert*innen zusammen. Sie bewerten die Projekte und k\u00fcren die Gewinnerprojekte. Die Jurymitglieder sind:<\/p>\n<p>&nbsp;<\/p>\n<p><strong>Frau Dr. Julia Wandt<\/strong><br \/>\nGesch\u00e4ftsbereich Wissenschaftskommunikation und Strategie im Rektorat der Albert-Ludwigs-Universit\u00e4t Freiburg, Vorsitzende Bundesverband Hochschulkommunikation<\/p>\n<p><strong>Frau Susanne Schilden<br \/>\n<\/strong>Leiterin Kommunikation der Hochschulrektorenkonferenz<\/p>\n<p><strong>Frau Stefanie Walter<\/strong><br \/>\nHochschulwettbewerb Gewinnerin 2020 Arche Naturprojekt<\/p>\n<p><strong>Frau Prof. Dr. Claudia Frick<\/strong><br \/>\nProfessorin f\u00fcr Informationsdienstleistungen und Wissenschaftskommunikation an der Technischen Hochschule K\u00f6ln<\/p>\n<p><strong>Frau Johanna Barnbeck<\/strong><br \/>\nK\u00fcnstlerische Forscherin und kreative Beraterin, Gr\u00fcnderin von Spread the Nerd<\/p>\n<p><strong>Frau Dr. Susanne Hecker<\/strong><br \/>\nLeiterin B\u00fcrger schaffen Wissen und Aufbau Kompetenzzentrum Citizen Science im Museum f\u00fcr Naturkunde Berlin<\/p>\n<p><strong>Frau Christin Liedtke<\/strong><br \/>\nReferentin Wissenschaftskommunikation und Ansprechpartnerin f\u00fcr Citizen Science der Helmholtz-Gemeinschaft, AG Wei\u00dfbuch<\/p>\n<p><strong>Herr Prof. Dr. med. Hajo Zeeb<\/strong><br \/>\nLeiter der Abteilung Pr\u00e4vention und Evaluation sowie Co-Sprecher des Wissenschaftsschwerpunkts Gesundheitswissenschaften Universit\u00e4t Bremen<\/p>\n<p><strong>Herr Prof. Dr. Ingo Timm<\/strong><br \/>\nKI-Forscher und Wirtschaftsinformatiker an der Universit\u00e4t Trier<\/p>\n<p><strong>Herr David Ohse<\/strong><br \/>\nKoordination von Public Outreach Activities f\u00fcr PUNCH4NFDI, Uni Bonn<\/p>\n<p><strong>Frau Dr. Silke Betscher<\/strong><br \/>\nLektorin am Institut f\u00fcr Ethnologie und Kulturwissenschaft der Universit\u00e4t Bremen und Vertr. Prof f\u00fcr Gesundheit und Diversit\u00e4t an der Hochschule f\u00fcr Gesundheit in Bochum<\/p>\n<p><strong>Frau<\/strong> <strong>Dr. Katharina Gerl<\/strong><br \/>\nWissenschaftliche Mitarbeiterin am inter- und transdiziplin\u00e4ren D\u00fcsseldorfer Institut f\u00fcr Internet und Demokratie an der Heinrich-Heine-Universit\u00e4t D\u00fcsseldorf<\/p>\n<p>&nbsp;<\/p>\n<p>&nbsp;<\/p>\n","protected":false},"excerpt":{"rendered":"<p>Die Fachjury des Hochschulwettbewerbs 2022 setzt sich aus Wissenschaftler*innen sowie Kommunikationsexpert*innen zusammen. Sie bewerten die Projekte und k\u00fcren die Gewinnerprojekte. Die Jurymitglieder sind: &nbsp; Frau Dr. Julia Wandt Gesch\u00e4ftsbereich Wissenschaftskommunikation<span class=\"ellipsis\">&hellip;<\/span><\/p>\n","protected":false},"author":2,"featured_media":0,"parent":0,"menu_order":0,"comment_status":"closed","ping_status":"closed","template":"","meta":{"_acf_changed":false,"footnotes":""},"class_list":["post-133","page","type-page","status-publish","hentry"],"acf":[],"aioseo_notices":[],"_links":{"self":[{"href":"https:\/\/www.hochschulwettbewerb.net\/2022\/wp-json\/wp\/v2\/pages\/133","targetHints":{"allow":["GET"]}}],"collection":[{"href":"https:\/\/www.hochschulwettbewerb.net\/2022\/wp-json\/wp\/v2\/pages"}],"about":[{"href":"https:\/\/www.hochschulwettbewerb.net\/2022\/wp-json\/wp\/v2\/types\/page"}],"author":[{"embeddable":true,"href":"https:\/\/www.hochschulwettbewerb.net\/2022\/wp-json\/wp\/v2\/users\/2"}],"replies":[{"embeddable":true,"href":"https:\/\/www.hochschulwettbewerb.net\/2022\/wp-json\/wp\/v2\/comments?post=133"}],"version-history":[{"count":84,"href":"https:\/\/www.hochschulwettbewerb.net\/2022\/wp-json\/wp\/v2\/pages\/133\/revisions"}],"predecessor-version":[{"id":3643,"href":"https:\/\/www.hochschulwettbewerb.net\/2022\/wp-json\/wp\/v2\/pages\/133\/revisions\/3643"}],"wp:attachment":[{"href":"https:\/\/www.hochschulwettbewerb.net\/2022\/wp-json\/wp\/v2\/media?parent=133"}],"curies":[{"name":"wp","href":"https:\/\/api.w.org\/{rel}","templated":true}]}}