{"id":1903,"date":"2020-01-01T16:33:49","date_gmt":"2020-01-01T15:33:49","guid":{"rendered":"https:\/\/www.hochschulwettbewerb.net\/2019\/?page_id=1903"},"modified":"2022-10-12T18:49:42","modified_gmt":"2022-10-12T16:49:42","slug":"wissenschaftsjahr","status":"publish","type":"page","link":"https:\/\/www.hochschulwettbewerb.net\/2022\/wissenschaftsjahr\/","title":{"rendered":"Das Wissenschaftsjahr"},"content":{"rendered":"<p>Jedes Jahr ein neues Motto: Seit 2000 rufen das Bundesministerium f\u00fcr Bildung und Forschung (BMBF) und Wissenschaft im Dialog (WiD) gemeinsam ein Wissenschaftsjahr aus. Viele hundert Partner aus Wissenschaft, Wirtschaft, Bildung, Kultur und Politik \u00f6ffnen daraufhin die T\u00fcren ihrer Einrichtungen. Sie laden dazu ein, einen Blick auf die Entwicklungen und Forschungen des jeweiligen Mottos zu werfen.<\/p>\n<p><strong>Das Wissenschaftsjahr 2022 \u2013 Nachgefragt! <\/strong><br \/>\n#MeineFragef\u00fcrdieWissenschaft<\/p>\n<p>Im Jahr 2022 beschreitet das Wissenschaftsjahr neue Wege: Dieses Mal wird kein einzelnes Thema im Fokus stehen, sondern die Fragen aller B\u00fcrgerinnen und B\u00fcrger! Ihre Frage z\u00e4hlt im Wissenschaftsjahr 2022 \u2013 Nachgefragt!<\/p>\n<p>Wissenschaft und Forschung durchdringen alle Bereiche unseres Lebens. T\u00e4glich gibt es neue Forschungsergebnisse, die unmittelbar f\u00fcr uns Menschen relevant sind oder es werden k\u00f6nnen. Es ist daher entscheidend, dass wir alle uns mit den Erkenntnissen von Wissenschaft und Forschung auseinandersetzen, nachfragen und die eigenen Perspektiven und das eigene Wissen einbringen \u2013 um gemeinsam mehr zu erreichen.<\/p>\n<p>Ganz im Sinne der Partizipation werden im Wissenschaftsjahr 2022 \u2013 Nachgefragt! einzelne B\u00fcrgerinnen und B\u00fcrger sowie zivilgesellschaftliche Gruppen mit Akteurinnen und Akteuren aus Politik, Verwaltung und Wissenschaft in einen partnerschaftlichen Dialog treten, um voneinander zu lernen. Das Ziel: gemeinschaftlich Impulse in die Forschungspolitik einzubringen. Hierzu werden alle B\u00fcrgerinnen und B\u00fcrger im Wissenschaftsjahr 2022 \u2013 Nachgefragt! eingeladen, ihre Fragen f\u00fcr die Wissenschaft zu stellen \u2013 als Anregung f\u00fcr Politik und Forschung.<\/p>\n<p>Das Wissenschaftsjahr wird \u2013 virtuell und analog \u2013 R\u00e4ume er\u00f6ffnen, um aufeinander zuzugehen und die Forschung aus v\u00f6llig neuen Perspektiven zu betrachten. Seien auch Sie dabei und nutzen Sie die Chance, genauer nachzufragen. Zahlreiche Institutionen, Bildungseinrichtungen, Hochschulen und Unternehmen werden sich am Wissenschaftsjahr 2022 \u2013 Nachgefragt! beteiligen. Gemeinsam m\u00f6chten wir die Chance nutzen, neues Wissen zu generieren: bunt, vielf\u00e4ltig und verst\u00e4ndlich \u2013 in Mitmach-Projekten, Wettbewerben und Jugendaktionen. Ob in Ausstellungen, Aktionen, Online-Formaten oder kritischen Diskussionen: Gestalten Sie das Wissenschaftsjahr aktiv mit, indem Sie ab Januar Ihre Frage f\u00fcr Wissenschaft und Forschung stellen \u2013 der Neugier sind keine Grenzen gesetzt.<\/p>\n<p>Die Wissenschaftsjahre sind eine Initiative des Bundesministeriums f\u00fcr Bildung und Forschung (BMBF) gemeinsam mit Wissenschaft im Dialog (WiD). Sie tragen als zentrales Instrument der Wissenschaftskommunikation Forschung in die \u00d6ffentlichkeit und unterst\u00fctzen den Dialog zwischen Forschung und Gesellschaft.<\/p>\n<p>Mehr Informationen zum aktuellen Wissenschaftsjahr unter<strong>\u00a0<a href=\"http:\/\/www.wissenschaftsjahr.de\/\" target=\"_blank\" rel=\"noopener noreferrer\">www.wissenschaftsjahr.de<\/a><\/strong><\/p>\n","protected":false},"excerpt":{"rendered":"<p>Jedes Jahr ein neues Motto: Seit 2000 rufen das Bundesministerium f\u00fcr Bildung und Forschung (BMBF) und Wissenschaft im Dialog (WiD) gemeinsam ein Wissenschaftsjahr aus. Viele hundert Partner aus Wissenschaft, Wirtschaft,<span class=\"ellipsis\">&hellip;<\/span><\/p>\n","protected":false},"author":2,"featured_media":0,"parent":0,"menu_order":0,"comment_status":"closed","ping_status":"closed","template":"","meta":{"_acf_changed":false,"footnotes":""},"class_list":["post-1903","page","type-page","status-publish","hentry"],"acf":[],"aioseo_notices":[],"_links":{"self":[{"href":"https:\/\/www.hochschulwettbewerb.net\/2022\/wp-json\/wp\/v2\/pages\/1903","targetHints":{"allow":["GET"]}}],"collection":[{"href":"https:\/\/www.hochschulwettbewerb.net\/2022\/wp-json\/wp\/v2\/pages"}],"about":[{"href":"https:\/\/www.hochschulwettbewerb.net\/2022\/wp-json\/wp\/v2\/types\/page"}],"author":[{"embeddable":true,"href":"https:\/\/www.hochschulwettbewerb.net\/2022\/wp-json\/wp\/v2\/users\/2"}],"replies":[{"embeddable":true,"href":"https:\/\/www.hochschulwettbewerb.net\/2022\/wp-json\/wp\/v2\/comments?post=1903"}],"version-history":[{"count":40,"href":"https:\/\/www.hochschulwettbewerb.net\/2022\/wp-json\/wp\/v2\/pages\/1903\/revisions"}],"predecessor-version":[{"id":4084,"href":"https:\/\/www.hochschulwettbewerb.net\/2022\/wp-json\/wp\/v2\/pages\/1903\/revisions\/4084"}],"wp:attachment":[{"href":"https:\/\/www.hochschulwettbewerb.net\/2022\/wp-json\/wp\/v2\/media?parent=1903"}],"curies":[{"name":"wp","href":"https:\/\/api.w.org\/{rel}","templated":true}]}}