{"id":25,"date":"2016-03-21T18:43:33","date_gmt":"2016-03-21T17:43:33","guid":{"rendered":"http:\/\/localhost\/hsw\/site\/?page_id=25"},"modified":"2021-11-11T16:47:17","modified_gmt":"2021-11-11T15:47:17","slug":"wettbewerb","status":"publish","type":"page","link":"https:\/\/www.hochschulwettbewerb.net\/2022\/wettbewerb\/","title":{"rendered":"Der Wettbewerb"},"content":{"rendered":"<p><b>Der Hochschulwettbewerb im Wissenschaftsjahr 2022 \u2013 Nachgefragt!<\/b><\/p>\n<p><i><span style=\"font-weight: 400;\">Mitforschen erw\u00fcnscht!<\/span><\/i><\/p>\n<p><span style=\"font-weight: 400;\">Klimawandel, Digitalisierung, Pandemie \u2013 die globalen Herausforderungen des 21. Jahrhunderts zeigen unmittelbar, wie bedeutend Wissenschaft und Forschung f\u00fcr Individuum und Gesellschaft sind. Um diesen Herausforderungen wirksam entgegenzutreten, ist insbesondere ein enges Zusammenwirken von Wissenschaft und Gesellschaft unerl\u00e4sslich.\u00a0<\/span><\/p>\n<p><span style=\"font-weight: 400;\">Im <\/span><a href=\"https:\/\/www.wissenschaftsjahr.de\/\"><b>themenoffenen Wissenschaftsjahr 2022 \u2013 Nachgefragt!<\/b><\/a><span style=\"font-weight: 400;\"> sind Studierende, Promovierende und junge Forschende eingeladen, aktiv eine Br\u00fccke zwischen Bev\u00f6lkerung und Forschung zu schlagen: Im Rahmen des Hochschulwettbewerbs sucht <\/span><a href=\"https:\/\/www.wissenschaft-im-dialog.de\/\"><i><span style=\"font-weight: 400;\">Wissenschaft im Dialog (WiD) <\/span><\/i><\/a><span style=\"font-weight: 400;\">kreative und interaktive Projekte, die Forschung und Kommunikation zusammen denken, indem sie gemeinsam mit der lokalen Bev\u00f6lkerung durchgef\u00fchrt werden und Fragen der \u00d6ffentlichkeit in ihre Forschung mit einbeziehen. Es werden also <\/span><b>Kommunikationsideen <\/b><span style=\"font-weight: 400;\">gef\u00f6rdert, bei denen die <\/span><b>Einbindung von B\u00fcrger*innen integraler Bestandteil<\/b><span style=\"font-weight: 400;\"> des Projekts ist. Auf diese Weise profitiert die Forschung unmittelbar von Impulsen aus der Bev\u00f6lkerung. Gleichzeitig erhalten B\u00fcrger*innen durch die <\/span><b>starke Einbindung der jeweiligen Fachbereiche<\/b><span style=\"font-weight: 400;\"> einen intensiven Einblick in die Forschungsgebiete und wissenschaftliche Arbeitsweise.<\/span><\/p>\n<p><span style=\"font-weight: 400;\">Die <\/span><b>besten 15 Projektideen werden mit je 10.000 \u20ac zur Umsetzung<\/b><span style=\"font-weight: 400;\"> der Partizipationsvorhaben gef\u00f6rdert und mit Weiterbildungsm\u00f6glichkeiten im Bereich der Wissenschaftskommunikation sowie dem Zugang zum Alumni-Netzwerk des Hochschulwettbewerbs belohnt.<\/span><\/p>\n<p>&nbsp;<\/p>\n<p><b>Wer kann mitmachen?<\/b><\/p>\n<p><span style=\"font-weight: 400;\">Teilnehmen k\u00f6nnen <\/span><b>Studierende, Promovierende sowie junge Forschende aller Fachrichtungen<\/b><span style=\"font-weight: 400;\">.<\/span><\/p>\n<p><span style=\"font-weight: 400;\">Die Beteiligung ist sowohl f\u00fcr<\/span><b> Teams<\/b><span style=\"font-weight: 400;\"> als auch f\u00fcr <\/span><b>Einzelpersonen<\/b><span style=\"font-weight: 400;\"> aller Hochschulen und au\u00dferuniversit\u00e4ren Forschungseinrichtungen im gesamten deutschen Bundesgebiet m\u00f6glich.<\/span><\/p>\n<p>&nbsp;<\/p>\n<p><b>Worum soll es gehen?\u00a0<\/b><\/p>\n<p><span style=\"font-weight: 400;\">Ein mobiles Forschungslabor, das gemeinsam mit der lokalen Bev\u00f6lkerung Umweltdaten erhebt, ein Mitmach-Podcast oder eine studentische Initiative, die gemeinsam mit Pflegebed\u00fcrftigen die Zukunft der Pflege neu denkt: Gesucht werden Projekte, die die <\/span><b>Bev\u00f6lkerung gezielt einbinden<\/b><span style=\"font-weight: 400;\">, die Synergien von Wissenschaft und Bev\u00f6lkerung nutzen und intensivieren sowie das <\/span><b>Verst\u00e4ndnis f\u00fcr wissenschaftliche Prozesse und Methoden<\/b><span style=\"font-weight: 400;\"> f\u00f6rdern.<\/span><\/p>\n<p><span style=\"font-weight: 400;\">Kurzum: Projekte, die auf kreative Weise die vielen verschiedenen Dimensionen der <\/span><b>gesellschaftlichen Partizipation <\/b><span style=\"font-weight: 400;\">an Wissenschaft und Forschung ausloten.<\/span><\/p>\n<p><span style=\"font-weight: 400;\">Im diesj\u00e4hrigen Hochschulwettbewerb lautet das <\/span><b>Motto \u201cMitforschen erw\u00fcnscht!\u201d<\/b><span style=\"font-weight: 400;\">.<\/span><\/p>\n<p>&nbsp;<\/p>\n<p><strong>Wof\u00fcr kann das Preisgeld verwendet werden?<\/strong><\/p>\n<p>Ob kommunikative Ma\u00dfnahmen, Equipment oder Personalkosten: Es gibt keine Einschr\u00e4nkungen in der Verwendung des Preisgeldes, sofern es im Sinn des Projektplans ist.<\/p>\n<p>&nbsp;<\/p>\n<p><b>Worauf kommt es an?<\/b><\/p>\n<p><span style=\"font-weight: 400;\">Die Projektskizzen werden anhand folgender Aspekte von der Jury bewertet:<\/span><\/p>\n<ul>\n<li style=\"font-weight: 400;\" aria-level=\"1\"><span style=\"font-weight: 400;\">Interaktivit\u00e4t der Projektidee<\/span><\/li>\n<li style=\"font-weight: 400;\" aria-level=\"1\"><span style=\"font-weight: 400;\">Ausgestaltung der Partizipationsm\u00f6glichkeiten der B\u00fcrger*innen<\/span><\/li>\n<li style=\"font-weight: 400;\" aria-level=\"1\"><span style=\"font-weight: 400;\">Kommunikationskonzept<\/span><\/li>\n<li style=\"font-weight: 400;\" aria-level=\"1\"><span style=\"font-weight: 400;\">Einbindung des jeweiligen Fachbereichs und weiterer Partner*innen<\/span><\/li>\n<li style=\"font-weight: 400;\" aria-level=\"1\"><span style=\"font-weight: 400;\">Inhaltliche Qualit\u00e4t der Projektidee und Einbeziehung wissenschaftlicher Ergebnisse<\/span><\/li>\n<li style=\"font-weight: 400;\" aria-level=\"1\"><span style=\"font-weight: 400;\">Definition und Ansprache der Zielgruppen<\/span><\/li>\n<\/ul>\n<p>&nbsp;<\/p>\n<p><b>Wie kann man teilnehmen?<\/b><\/p>\n<p><span style=\"font-weight: 400;\">Bis zum <\/span><b>30. November 2021 <\/b><span style=\"font-weight: 400;\">das <a href=\"https:\/\/www.hochschulwettbewerb.net\/2022\/bewerbungsformular-2\/\">Bewerbungsformular<\/a> auf der Webseite des Hochschulwettbewerbs ausf\u00fcllen<\/span>.<\/p>\n<p>&nbsp;<\/p>\n<p><b>Wie geht es weiter?\u00a0<\/b><\/p>\n<ul>\n<li style=\"font-weight: 400;\" aria-level=\"1\"><b>30. November 2021<\/b><span style=\"font-weight: 400;\">: Frist zum Ausf\u00fcllen des <a href=\"https:\/\/www.hochschulwettbewerb.net\/2022\/bewerbungsformular-2\/\">Online-Bewerbungsformulars<\/a> (ca. 300 W\u00f6rter)<\/span><\/li>\n<li style=\"font-weight: 400;\" aria-level=\"1\"><b>Mitte Dezember 2021<\/b><span style=\"font-weight: 400;\">: Vorauswahl von ca. 30 Skizzen und R\u00fcckmeldung an die Bewerber*innen<\/span><\/li>\n<li style=\"font-weight: 400;\" aria-level=\"1\"><b>15. Januar 2021<\/b><span style=\"font-weight: 400;\">:<\/span> <span style=\"font-weight: 400;\">Frist zur Einreichung der Detailskizzen (maximal f\u00fcnf Seiten)<\/span><\/li>\n<li style=\"font-weight: 400;\" aria-level=\"1\"><b>Mitte Februar: <\/b><span style=\"font-weight: 400;\">Jurysitzung, Bekanntgabe der Gewinner*innen und Beginn der Umsetzung von 15 ausgew\u00e4hlten Projektideen<\/span><\/li>\n<li style=\"font-weight: 400;\" aria-level=\"1\"><b>Ende Februar 2022:<\/b><span style=\"font-weight: 400;\"> Auftakt-Workshop mit allen Gewinner*innen (analog geplant)<\/span><\/li>\n<li style=\"font-weight: 400;\" aria-level=\"1\"><b>Laufend:<\/b><span style=\"font-weight: 400;\"> Workshops, Fortbildungen und Schulungen f\u00fcr die Gewinner*innen (digital)<\/span><\/li>\n<li style=\"font-weight: 400;\" aria-level=\"1\"><b>30. November 2022<\/b><span style=\"font-weight: 400;\">: Projektabschluss und Auszeichnung der besten drei Kommunikationsprojekte (analog geplant)<\/span><\/li>\n<\/ul>\n","protected":false},"excerpt":{"rendered":"<p>Der Hochschulwettbewerb im Wissenschaftsjahr 2022 \u2013 Nachgefragt! Mitforschen erw\u00fcnscht! Klimawandel, Digitalisierung, Pandemie \u2013 die globalen Herausforderungen des 21. Jahrhunderts zeigen unmittelbar, wie bedeutend Wissenschaft und Forschung f\u00fcr Individuum und Gesellschaft<span class=\"ellipsis\">&hellip;<\/span><\/p>\n","protected":false},"author":1,"featured_media":0,"parent":0,"menu_order":5,"comment_status":"closed","ping_status":"closed","template":"","meta":{"_acf_changed":false,"footnotes":""},"class_list":["post-25","page","type-page","status-publish","hentry"],"acf":[],"aioseo_notices":[],"_links":{"self":[{"href":"https:\/\/www.hochschulwettbewerb.net\/2022\/wp-json\/wp\/v2\/pages\/25","targetHints":{"allow":["GET"]}}],"collection":[{"href":"https:\/\/www.hochschulwettbewerb.net\/2022\/wp-json\/wp\/v2\/pages"}],"about":[{"href":"https:\/\/www.hochschulwettbewerb.net\/2022\/wp-json\/wp\/v2\/types\/page"}],"author":[{"embeddable":true,"href":"https:\/\/www.hochschulwettbewerb.net\/2022\/wp-json\/wp\/v2\/users\/1"}],"replies":[{"embeddable":true,"href":"https:\/\/www.hochschulwettbewerb.net\/2022\/wp-json\/wp\/v2\/comments?post=25"}],"version-history":[{"count":73,"href":"https:\/\/www.hochschulwettbewerb.net\/2022\/wp-json\/wp\/v2\/pages\/25\/revisions"}],"predecessor-version":[{"id":3361,"href":"https:\/\/www.hochschulwettbewerb.net\/2022\/wp-json\/wp\/v2\/pages\/25\/revisions\/3361"}],"wp:attachment":[{"href":"https:\/\/www.hochschulwettbewerb.net\/2022\/wp-json\/wp\/v2\/media?parent=25"}],"curies":[{"name":"wp","href":"https:\/\/api.w.org\/{rel}","templated":true}]}}