{"id":2578,"date":"2020-03-04T14:19:33","date_gmt":"2020-03-04T13:19:33","guid":{"rendered":"https:\/\/www.hochschulwettbewerb.net\/2020\/?page_id=2578"},"modified":"2022-03-23T15:34:38","modified_gmt":"2022-03-23T14:34:38","slug":"downloads","status":"publish","type":"page","link":"https:\/\/www.hochschulwettbewerb.net\/2022\/downloads\/","title":{"rendered":"Downloads"},"content":{"rendered":"<p>Willkommen im Downloadbereich f\u00fcr die Teams des Hochschulwettbewerbs. Hier sind ganzj\u00e4hrig s\u00e4mtliche Unterlagen und Materialien rund um die Umsetzung der Projekte zu finden:<\/p>\n<p><strong>Auftaktworkshop Teil 1 und 2<br \/>\n<\/strong><\/p>\n<p><a href=\"https:\/\/www.hochschulwettbewerb.net\/2022\/wp-content\/uploads\/2022\/03\/Auftaktworkshops-1.zip\"><strong>Download ZIP-Ordner<\/strong><\/a><\/p>\n<p>&nbsp;<\/p>\n<p><strong>Logopaket f\u00fcr Ver\u00f6ffentlichungen Online und Offline<\/strong><\/p>\n<p><a href=\"https:\/\/www.hochschulwettbewerb.net\/2022\/wp-content\/uploads\/2022\/03\/Logos_HSW22.zip\"><strong> Download ZIP-Ordner<\/strong><\/a><\/p>\n<p>&nbsp;<\/p>\n<p><strong>Vorlage Pr\u00e4sentationen<\/strong><\/p>\n<p><a href=\"https:\/\/www.hochschulwettbewerb.net\/2022\/wp-content\/uploads\/2022\/03\/WJ2022_Powerpoint_Master_16zu9.pptx\"><strong>Download Powerpoint Master<\/strong><\/a><\/p>\n<p>&nbsp;<\/p>\n<p><strong>Reisekostenformular von WiD<\/strong><br \/>\n<strong><a href=\"https:\/\/www.hochschulwettbewerb.net\/2020\/wp-content\/uploads\/2020\/03\/Vorlage_Reisekosten.zip\">Download ZIP-Ordner<\/a><\/strong><\/p>\n<p>&nbsp;<\/p>\n<p><strong>Vorlagen f\u00fcr die Rechnungsstellung<\/strong><br \/>\n<strong><a href=\"https:\/\/www.hochschulwettbewerb.net\/2020\/wp-content\/uploads\/2020\/03\/Rechnungsvorlagen.pdf\" target=\"_blank\" rel=\"noopener noreferrer\">Download PDF-Datei<\/a><\/strong><\/p>\n<p>&nbsp;<\/p>\n","protected":false},"excerpt":{"rendered":"<p>Willkommen im Downloadbereich f\u00fcr die Teams des Hochschulwettbewerbs. Hier sind ganzj\u00e4hrig s\u00e4mtliche Unterlagen und Materialien rund um die Umsetzung der Projekte zu finden: Auftaktworkshop Teil 1 und 2 Download ZIP-Ordner<span class=\"ellipsis\">&hellip;<\/span><\/p>\n","protected":false},"author":2,"featured_media":0,"parent":0,"menu_order":0,"comment_status":"closed","ping_status":"closed","template":"","meta":{"_acf_changed":false,"footnotes":""},"class_list":["post-2578","page","type-page","status-publish","hentry"],"acf":[],"aioseo_notices":[],"_links":{"self":[{"href":"https:\/\/www.hochschulwettbewerb.net\/2022\/wp-json\/wp\/v2\/pages\/2578","targetHints":{"allow":["GET"]}}],"collection":[{"href":"https:\/\/www.hochschulwettbewerb.net\/2022\/wp-json\/wp\/v2\/pages"}],"about":[{"href":"https:\/\/www.hochschulwettbewerb.net\/2022\/wp-json\/wp\/v2\/types\/page"}],"author":[{"embeddable":true,"href":"https:\/\/www.hochschulwettbewerb.net\/2022\/wp-json\/wp\/v2\/users\/2"}],"replies":[{"embeddable":true,"href":"https:\/\/www.hochschulwettbewerb.net\/2022\/wp-json\/wp\/v2\/comments?post=2578"}],"version-history":[{"count":28,"href":"https:\/\/www.hochschulwettbewerb.net\/2022\/wp-json\/wp\/v2\/pages\/2578\/revisions"}],"predecessor-version":[{"id":3742,"href":"https:\/\/www.hochschulwettbewerb.net\/2022\/wp-json\/wp\/v2\/pages\/2578\/revisions\/3742"}],"wp:attachment":[{"href":"https:\/\/www.hochschulwettbewerb.net\/2022\/wp-json\/wp\/v2\/media?parent=2578"}],"curies":[{"name":"wp","href":"https:\/\/api.w.org\/{rel}","templated":true}]}}