{"id":54,"date":"2016-03-21T20:00:45","date_gmt":"2016-03-21T19:00:45","guid":{"rendered":"http:\/\/localhost\/hsw\/site\/?page_id=54"},"modified":"2021-10-05T19:32:22","modified_gmt":"2021-10-05T17:32:22","slug":"bewertungskriterien","status":"publish","type":"page","link":"https:\/\/www.hochschulwettbewerb.net\/2022\/bewertungskriterien\/","title":{"rendered":"Bewertungskriterien"},"content":{"rendered":"<p>Die Projektskizzen werden anhand folgender Aspekte von der Jury bewertet:<\/p>\n<ul>\n<li aria-level=\"1\">Die eingereichten Projekte m\u00fcssen einen inhaltlichen Bezug zum Thema des Wissenschaftsjahres 2022 aufweisen.<\/li>\n<li aria-level=\"1\">Es werden Formate gef\u00f6rdert, die den B\u00fcrger*innen die M\u00f6glichkeit zur aktiven Teilnahme und Mitgestaltung der Forschungsvorhaben oder Projektarbeit geben.<\/li>\n<li aria-level=\"1\">Die Formate sollen interaktiv gestaltet sein und die B\u00fcrger*innen zum Dialog einladen.<\/li>\n<li aria-level=\"1\">Bereits in der Projektskizze soll die Kommunikation nach au\u00dfen und in den sozialen Medien mitgedacht und die passenden Zielgruppen definiert werden.<\/li>\n<li aria-level=\"1\">Die Projekte sollen nicht deskriptiv sondern praxisorientiert gedacht und aufgezogen werden. Hierbei wird auch die Einbindung von Partnern (St\u00e4dte und Kommunen, Startups, und Unternehmen, lokale Initiativen und Entwickler) und den universit\u00e4ren Fachbereichen vorausgesetzt.<\/li>\n<\/ul>\n<p>&nbsp;<\/p>\n<p>Dar\u00fcber hinaus ber\u00fccksichtigt die Jury:<\/p>\n<ul>\n<li aria-level=\"1\">Die inhaltliche Qualit\u00e4t der Projektidee und Einbeziehung wissenschaftlicher Ergebnisse<\/li>\n<li aria-level=\"1\">Die Aktualit\u00e4t der dargestellten Forschung<\/li>\n<li aria-level=\"1\">Die Kreativit\u00e4t und Originalit\u00e4t der Projektidee<\/li>\n<li aria-level=\"1\">Die Ansprache der Zielgruppen \/ Marketingkonzept<\/li>\n<\/ul>\n<p>Der Jury werden nur formal richtige und vollst\u00e4ndige Bewerbungen vorgelegt.<\/p>\n","protected":false},"excerpt":{"rendered":"<p>Die Projektskizzen werden anhand folgender Aspekte von der Jury bewertet: Die eingereichten Projekte m\u00fcssen einen inhaltlichen Bezug zum Thema des Wissenschaftsjahres 2022 aufweisen. Es werden Formate gef\u00f6rdert, die den B\u00fcrger*innen<span class=\"ellipsis\">&hellip;<\/span><\/p>\n","protected":false},"author":1,"featured_media":0,"parent":0,"menu_order":3,"comment_status":"closed","ping_status":"closed","template":"","meta":{"_acf_changed":false,"footnotes":""},"class_list":["post-54","page","type-page","status-publish","hentry"],"acf":[],"aioseo_notices":[],"_links":{"self":[{"href":"https:\/\/www.hochschulwettbewerb.net\/2022\/wp-json\/wp\/v2\/pages\/54","targetHints":{"allow":["GET"]}}],"collection":[{"href":"https:\/\/www.hochschulwettbewerb.net\/2022\/wp-json\/wp\/v2\/pages"}],"about":[{"href":"https:\/\/www.hochschulwettbewerb.net\/2022\/wp-json\/wp\/v2\/types\/page"}],"author":[{"embeddable":true,"href":"https:\/\/www.hochschulwettbewerb.net\/2022\/wp-json\/wp\/v2\/users\/1"}],"replies":[{"embeddable":true,"href":"https:\/\/www.hochschulwettbewerb.net\/2022\/wp-json\/wp\/v2\/comments?post=54"}],"version-history":[{"count":7,"href":"https:\/\/www.hochschulwettbewerb.net\/2022\/wp-json\/wp\/v2\/pages\/54\/revisions"}],"predecessor-version":[{"id":3277,"href":"https:\/\/www.hochschulwettbewerb.net\/2022\/wp-json\/wp\/v2\/pages\/54\/revisions\/3277"}],"wp:attachment":[{"href":"https:\/\/www.hochschulwettbewerb.net\/2022\/wp-json\/wp\/v2\/media?parent=54"}],"curies":[{"name":"wp","href":"https:\/\/api.w.org\/{rel}","templated":true}]}}