{"id":56,"date":"2016-03-21T20:01:14","date_gmt":"2016-03-21T19:01:14","guid":{"rendered":"http:\/\/localhost\/hsw\/site\/?page_id=56"},"modified":"2021-11-19T11:16:03","modified_gmt":"2021-11-19T10:16:03","slug":"ablauf","status":"publish","type":"page","link":"https:\/\/www.hochschulwettbewerb.net\/2022\/ablauf\/","title":{"rendered":"Ablauf"},"content":{"rendered":"<p><strong>Wie l\u00e4uft der Wettbewerb?\u00a0<\/strong><\/p>\n<ul>\n<li aria-level=\"1\"><b>30. November 2021<\/b>: Frist zum Ausf\u00fcllen des <a href=\"https:\/\/www.hochschulwettbewerb.net\/2022\/bewerbungsformular-2\/\">Online-Bewerbungsformulars<\/a> (ca. 300 W\u00f6rter)<\/li>\n<li aria-level=\"1\"><b>Mitte Dezember 2021<\/b>: Vorauswahl von ca. 30 Skizzen und R\u00fcckmeldung an die Bewerber*innen<\/li>\n<li aria-level=\"1\"><b>15. Januar 2022<\/b>: Frist zur Einreichung der Detailskizzen (maximal f\u00fcnf Seiten)<\/li>\n<li aria-level=\"1\"><b>Mitte Februar 2022: <\/b>Jurysitzung, Bekanntgabe der Gewinner*innen und Beginn der Umsetzung von 15 ausgew\u00e4hlten Projektideen<\/li>\n<li aria-level=\"1\"><b>Ende Februar 2022:<\/b> Auftakt-Workshop mit allen Gewinner*innen (analog geplant)<\/li>\n<li aria-level=\"1\"><b>Laufend:<\/b> Workshops, Fortbildungen und Schulungen f\u00fcr die Gewinner*innen (digital)<\/li>\n<li aria-level=\"1\"><b>30. November 2022<\/b>: Projektabschluss und Auszeichnung der besten drei Kommunikationsprojekte (analog geplant)<\/li>\n<\/ul>\n","protected":false},"excerpt":{"rendered":"<p>Wie l\u00e4uft der Wettbewerb?\u00a0 30. November 2021: Frist zum Ausf\u00fcllen des Online-Bewerbungsformulars (ca. 300 W\u00f6rter) Mitte Dezember 2021: Vorauswahl von ca. 30 Skizzen und R\u00fcckmeldung an die Bewerber*innen 15. Januar<span class=\"ellipsis\">&hellip;<\/span><\/p>\n","protected":false},"author":1,"featured_media":0,"parent":0,"menu_order":4,"comment_status":"closed","ping_status":"closed","template":"","meta":{"_acf_changed":false,"footnotes":""},"class_list":["post-56","page","type-page","status-publish","hentry"],"acf":[],"aioseo_notices":[],"_links":{"self":[{"href":"https:\/\/www.hochschulwettbewerb.net\/2022\/wp-json\/wp\/v2\/pages\/56","targetHints":{"allow":["GET"]}}],"collection":[{"href":"https:\/\/www.hochschulwettbewerb.net\/2022\/wp-json\/wp\/v2\/pages"}],"about":[{"href":"https:\/\/www.hochschulwettbewerb.net\/2022\/wp-json\/wp\/v2\/types\/page"}],"author":[{"embeddable":true,"href":"https:\/\/www.hochschulwettbewerb.net\/2022\/wp-json\/wp\/v2\/users\/1"}],"replies":[{"embeddable":true,"href":"https:\/\/www.hochschulwettbewerb.net\/2022\/wp-json\/wp\/v2\/comments?post=56"}],"version-history":[{"count":33,"href":"https:\/\/www.hochschulwettbewerb.net\/2022\/wp-json\/wp\/v2\/pages\/56\/revisions"}],"predecessor-version":[{"id":3379,"href":"https:\/\/www.hochschulwettbewerb.net\/2022\/wp-json\/wp\/v2\/pages\/56\/revisions\/3379"}],"wp:attachment":[{"href":"https:\/\/www.hochschulwettbewerb.net\/2022\/wp-json\/wp\/v2\/media?parent=56"}],"curies":[{"name":"wp","href":"https:\/\/api.w.org\/{rel}","templated":true}]}}