{"id":1903,"date":"2020-01-01T16:33:49","date_gmt":"2020-01-01T15:33:49","guid":{"rendered":"https:\/\/www.hochschulwettbewerb.net\/2019\/?page_id=1903"},"modified":"2022-10-14T13:58:48","modified_gmt":"2022-10-14T11:58:48","slug":"wissenschaftsjahr","status":"publish","type":"page","link":"https:\/\/www.hochschulwettbewerb.net\/2023\/wissenschaftsjahr\/","title":{"rendered":"Das Wissenschaftsjahr"},"content":{"rendered":"<p>Jedes Jahr ein neues Motto: Seit 2000 rufen das Bundesministerium f\u00fcr Bildung und Forschung (BMBF) und Wissenschaft im Dialog (WiD) gemeinsam ein Wissenschaftsjahr aus. Viele hundert Partner aus Wissenschaft, Wirtschaft, Bildung, Kultur und Politik \u00f6ffnen daraufhin die T\u00fcren ihrer Einrichtungen. Sie laden dazu ein, einen Blick auf die Entwicklungen und Forschungen des jeweiligen Mottos zu werfen.<\/p>\n<p><strong>Das Wissenschaftsjahr 2023 \u2013 Unser Universum<\/strong><\/p>\n<p>Die unendliche Weite des Universums und die Frage nach dem Ursprung der Erde und des Menschen haben \u00fcber die Jahrtausende hinweg unsere Kultur, unser Selbstbild und die Wissenschaft besch\u00e4ftigt. Trotz des Erkenntnisfortschritts der letzten Jahrzehnte bleibt unser Kosmos aber in weiten Teilen eine faszinierende Unbekannte. Was sind Schwarze L\u00f6cher? Sind wir allein im Universum? Was macht unsere Erde zu einem bewohnbaren Planeten und wie k\u00f6nnen wir ihn sch\u00fctzen? Diesen und anderen Fragen widmet sich das Wissenschaftsjahr 2023 \u2013 Unser Universum. Von Ausstellungen \u00fcber Schulaktionen bis hin zu Mitmachangeboten: Der Blick von der Erde ins All und aus dem All auf die Erde erfolgt dabei aus vielf\u00e4ltigen Perspektiven und l\u00e4dt Jung und Alt zu einem spannenden Austausch mit Wissenschaft und Forschung ein.<\/p>\n<p>Die Wissenschaftsjahre sind eine Initiative des Bundesministeriums f\u00fcr Bildung und Forschung (BMBF) gemeinsam mit Wissenschaft im Dialog (WiD).<\/p>\n<p>Mehr Informationen zum aktuellen Wissenschaftsjahr unter<strong>\u00a0<a href=\"http:\/\/www.wissenschaftsjahr.de\/\" target=\"_blank\" rel=\"noopener noreferrer\">www.wissenschaftsjahr.de<\/a><\/strong><\/p>\n","protected":false},"excerpt":{"rendered":"<p>Jedes Jahr ein neues Motto: Seit 2000 rufen das Bundesministerium f\u00fcr Bildung und Forschung (BMBF) und Wissenschaft im Dialog (WiD) gemeinsam ein Wissenschaftsjahr aus. Viele hundert Partner aus Wissenschaft, Wirtschaft,<span class=\"ellipsis\">&hellip;<\/span><\/p>\n","protected":false},"author":2,"featured_media":0,"parent":0,"menu_order":0,"comment_status":"closed","ping_status":"closed","template":"","meta":{"_acf_changed":false,"footnotes":""},"class_list":["post-1903","page","type-page","status-publish","hentry"],"acf":[],"aioseo_notices":[],"_links":{"self":[{"href":"https:\/\/www.hochschulwettbewerb.net\/2023\/wp-json\/wp\/v2\/pages\/1903","targetHints":{"allow":["GET"]}}],"collection":[{"href":"https:\/\/www.hochschulwettbewerb.net\/2023\/wp-json\/wp\/v2\/pages"}],"about":[{"href":"https:\/\/www.hochschulwettbewerb.net\/2023\/wp-json\/wp\/v2\/types\/page"}],"author":[{"embeddable":true,"href":"https:\/\/www.hochschulwettbewerb.net\/2023\/wp-json\/wp\/v2\/users\/2"}],"replies":[{"embeddable":true,"href":"https:\/\/www.hochschulwettbewerb.net\/2023\/wp-json\/wp\/v2\/comments?post=1903"}],"version-history":[{"count":42,"href":"https:\/\/www.hochschulwettbewerb.net\/2023\/wp-json\/wp\/v2\/pages\/1903\/revisions"}],"predecessor-version":[{"id":4108,"href":"https:\/\/www.hochschulwettbewerb.net\/2023\/wp-json\/wp\/v2\/pages\/1903\/revisions\/4108"}],"wp:attachment":[{"href":"https:\/\/www.hochschulwettbewerb.net\/2023\/wp-json\/wp\/v2\/media?parent=1903"}],"curies":[{"name":"wp","href":"https:\/\/api.w.org\/{rel}","templated":true}]}}