{"id":25,"date":"2016-03-21T18:43:33","date_gmt":"2016-03-21T17:43:33","guid":{"rendered":"http:\/\/localhost\/hsw\/site\/?page_id=25"},"modified":"2022-12-01T12:21:01","modified_gmt":"2022-12-01T11:21:01","slug":"wettbewerb","status":"publish","type":"page","link":"https:\/\/www.hochschulwettbewerb.net\/2023\/wettbewerb\/","title":{"rendered":"Der Wettbewerb"},"content":{"rendered":"<p><b>Der Hochschulwettbewerb im Wissenschaftsjahr 2023\u00a0<\/b><\/p>\n<p><b><i>Zeigt eure Forschung!\u00a0<\/i><\/b><\/p>\n<p>Von popkulturellen Darstellungen des Alls \u00fcber die Nutzung von GPS bis hin zu Lichtverschmutzung und Weltraumschrott &#8211; kaum ein Thema vermag es, im Alltag vieler Menschen so fern und doch so nah zu sein wie die Weltraumforschung. So bietet das Thema des Wissenschaftsjahres 2023 \u2013 Unser Universum Kommunikationspotenzial f\u00fcr zahlreiche Disziplinen. Wie w\u00e4re etwa ein Audioguide, der Sternbilder und Musik zusammenbringt, ein Planspiel f\u00fcr den Erstkontakt mit au\u00dferirdischem Leben oder ein Design Fiction-Workshop zum Thema Ern\u00e4hrung der Zukunft?<\/p>\n<p>Im <i>Hochschulwettbewerb 2023 \u2013 Zeigt eure Forschung!<\/i> l\u00e4dt <i>Wissenschaft im Dialog (WiD)<\/i> <b>Studierende, Promovierende und junge Forschende aller Fachrichtungen<\/b> ein, ihre <b>Kommunikationsideen <\/b>rund um das Thema \u201cUnser Universum\u201d einzureichen. Im Fokus der Ausschreibung stehen Projekte, die wissenschaftliche <b>Themen und Methoden<\/b> <b>f\u00fcr B\u00fcrger*innen zug\u00e4nglich und erlebbar<\/b> machen und ihrer Zielgruppe die gesellschaftliche Bedeutung der Forschung vermitteln. Die Einreichungsfrist endet am 30. November 2022.<\/p>\n<p>Die <b>f\u00fcnfzehn besten Vorschl\u00e4ge<\/b> werden mit <b>je 10.000 Euro zur Umsetzung<\/b> der Ideen und mit <b>Workshops und Schulungen zur Wissenschaftskommunikation<\/b> sowie der <b>Aufnahme in das Alumni-Netzwerk<\/b> des <i>Hochschulwettbewerbs <\/i>belohnt.<\/p>\n<p><b>Wer kann mitmachen?\u00a0<\/b><\/p>\n<p>Teilnehmen k\u00f6nnen Studierende, Promovierende sowie junge Forschende <b>aller Fachrichtungen <\/b>ans\u00e4ssig an einer Hochschule, Universit\u00e4t oder au\u00dferuniversit\u00e4ren Forschungseinrichtung in Deutschland.<\/p>\n<p><b>Wie kann man teilnehmen?<\/b><\/p>\n<p>Interessierte f\u00fcllen bis zum 30. November 2022 das Bewerbungsformular auf der Webseite des <i>Hochschulwettbewerbs <\/i>aus: <a href=\"http:\/\/www.hochschulwettbewerb.net\">www.hochschulwettbewerb.net\/<\/a><\/p>\n<p><b>Worum soll es gehen?\u00a0<\/b><\/p>\n<p>Gesucht werden Projektideen, die einen <b>Dialog mit B\u00fcrger*innen<\/b> beispielsweise zu Klimaschutzprojekten, historischen und zuk\u00fcnftigen Nutzungskonzepten des Weltraums oder Forschungsarbeiten rund um das Thema Weltall, Materie, Planeten und Zukunftsvisionen initiieren wollen. <b>Geistes- und gesellschaftswissenschaftliche<\/b> sowie <b>kreativ-forschende<\/b> und <b>kulturwissenschaftliche <\/b>Projekte sind ebenso gefragt wie <b>naturwissenschaftliche Ideen<\/b>. F\u00fcr eine praxisorientierte Umsetzung ist neben der Verbreitung der Inhalte \u00fcber geeignete Kan\u00e4le zudem die <b>Einbindung von lokalen Partnern<\/b> wie Kommunen und Unternehmen, Startups und Initiativen erw\u00fcnscht.<\/p>\n<p><b>Wie geht es weiter?\u00a0<\/b><\/p>\n<table>\n<tbody>\n<tr>\n<td>30. November 2022<\/td>\n<td>Frist zur Einreichung des Online-Bewerbungsformulars<\/td>\n<\/tr>\n<tr>\n<td>Mitte Dezember 2022<\/td>\n<td>Vorauswahl und Feedback<\/td>\n<\/tr>\n<tr>\n<td>Mitte Januar 2023<\/td>\n<td>Frist zur Einreichung der Detailskizzen (maximal f\u00fcnf Seiten)<\/td>\n<\/tr>\n<tr>\n<td>Mitte Februar 2023<\/td>\n<td>Jurysitzung, Bekanntgabe der Gewinner*innen<\/td>\n<\/tr>\n<tr>\n<td>Anfang M\u00e4rz 2023<\/td>\n<td>Zweiteiliger Auftaktworkshop zur Wissenschaftskommunikation und Projektstart<\/td>\n<\/tr>\n<tr>\n<td>Laufend:<\/td>\n<td>Workshops, Fortbildungen und Beratung von <i>WiD<\/i><\/td>\n<\/tr>\n<tr>\n<td>Dezember 2023<\/td>\n<td>\n<ul>\n<li aria-level=\"1\">Projektabschluss und Auszeichnung der gelungensten drei Projektumsetzungen in einem besonderen Rahmen<\/li>\n<\/ul>\n<\/td>\n<\/tr>\n<tr>\n<td><\/td>\n<td>\n<ul>\n<li aria-level=\"1\">Aufnahme in das <i>Hochschulwettbewerb-Alumni-Netzwerk<\/i><\/li>\n<\/ul>\n<\/td>\n<\/tr>\n<\/tbody>\n<\/table>\n","protected":false},"excerpt":{"rendered":"<p>Der Hochschulwettbewerb im Wissenschaftsjahr 2023\u00a0 Zeigt eure Forschung!\u00a0 Von popkulturellen Darstellungen des Alls \u00fcber die Nutzung von GPS bis hin zu Lichtverschmutzung und Weltraumschrott &#8211; kaum ein Thema vermag es,<span class=\"ellipsis\">&hellip;<\/span><\/p>\n","protected":false},"author":1,"featured_media":0,"parent":0,"menu_order":5,"comment_status":"closed","ping_status":"closed","template":"","meta":{"_acf_changed":false,"footnotes":""},"class_list":["post-25","page","type-page","status-publish","hentry"],"acf":[],"aioseo_notices":[],"_links":{"self":[{"href":"https:\/\/www.hochschulwettbewerb.net\/2023\/wp-json\/wp\/v2\/pages\/25","targetHints":{"allow":["GET"]}}],"collection":[{"href":"https:\/\/www.hochschulwettbewerb.net\/2023\/wp-json\/wp\/v2\/pages"}],"about":[{"href":"https:\/\/www.hochschulwettbewerb.net\/2023\/wp-json\/wp\/v2\/types\/page"}],"author":[{"embeddable":true,"href":"https:\/\/www.hochschulwettbewerb.net\/2023\/wp-json\/wp\/v2\/users\/1"}],"replies":[{"embeddable":true,"href":"https:\/\/www.hochschulwettbewerb.net\/2023\/wp-json\/wp\/v2\/comments?post=25"}],"version-history":[{"count":78,"href":"https:\/\/www.hochschulwettbewerb.net\/2023\/wp-json\/wp\/v2\/pages\/25\/revisions"}],"predecessor-version":[{"id":4226,"href":"https:\/\/www.hochschulwettbewerb.net\/2023\/wp-json\/wp\/v2\/pages\/25\/revisions\/4226"}],"wp:attachment":[{"href":"https:\/\/www.hochschulwettbewerb.net\/2023\/wp-json\/wp\/v2\/media?parent=25"}],"curies":[{"name":"wp","href":"https:\/\/api.w.org\/{rel}","templated":true}]}}