{"id":2578,"date":"2020-03-04T14:19:33","date_gmt":"2020-03-04T13:19:33","guid":{"rendered":"https:\/\/www.hochschulwettbewerb.net\/2020\/?page_id=2578"},"modified":"2023-04-25T12:38:47","modified_gmt":"2023-04-25T10:38:47","slug":"downloads","status":"publish","type":"page","link":"https:\/\/www.hochschulwettbewerb.net\/2023\/downloads\/","title":{"rendered":"Downloads"},"content":{"rendered":"<p>Willkommen im Downloadbereich f\u00fcr die Teams des Hochschulwettbewerbs. Hier sind ganzj\u00e4hrig s\u00e4mtliche Unterlagen und Materialien rund um die Umsetzung der Projekte zu finden:<\/p>\n<p><strong>Logopaket f\u00fcr Ver\u00f6ffentlichungen Online und Offline<br \/>\n<a href=\"https:\/\/www.hochschulwettbewerb.net\/2023\/wp-content\/uploads\/2023\/04\/Logos_2023.zip\">Download Logos 2023<\/a><\/strong><\/p>\n<p>&nbsp;<\/p>\n<p><strong>Vorlagen f\u00fcr die Rechnungsstellung<\/strong><br \/>\n<strong><a href=\"https:\/\/www.hochschulwettbewerb.net\/2020\/wp-content\/uploads\/2020\/03\/Rechnungsvorlagen.pdf\" target=\"_blank\" rel=\"noopener noreferrer\">Download PDF-Datei<\/a><\/strong><\/p>\n<p>&nbsp;<\/p>\n","protected":false},"excerpt":{"rendered":"<p>Willkommen im Downloadbereich f\u00fcr die Teams des Hochschulwettbewerbs. Hier sind ganzj\u00e4hrig s\u00e4mtliche Unterlagen und Materialien rund um die Umsetzung der Projekte zu finden: Logopaket f\u00fcr Ver\u00f6ffentlichungen Online und Offline Download<span class=\"ellipsis\">&hellip;<\/span><\/p>\n","protected":false},"author":2,"featured_media":0,"parent":0,"menu_order":0,"comment_status":"closed","ping_status":"closed","template":"","meta":{"_acf_changed":false,"footnotes":""},"class_list":["post-2578","page","type-page","status-publish","hentry"],"acf":[],"aioseo_notices":[],"_links":{"self":[{"href":"https:\/\/www.hochschulwettbewerb.net\/2023\/wp-json\/wp\/v2\/pages\/2578","targetHints":{"allow":["GET"]}}],"collection":[{"href":"https:\/\/www.hochschulwettbewerb.net\/2023\/wp-json\/wp\/v2\/pages"}],"about":[{"href":"https:\/\/www.hochschulwettbewerb.net\/2023\/wp-json\/wp\/v2\/types\/page"}],"author":[{"embeddable":true,"href":"https:\/\/www.hochschulwettbewerb.net\/2023\/wp-json\/wp\/v2\/users\/2"}],"replies":[{"embeddable":true,"href":"https:\/\/www.hochschulwettbewerb.net\/2023\/wp-json\/wp\/v2\/comments?post=2578"}],"version-history":[{"count":31,"href":"https:\/\/www.hochschulwettbewerb.net\/2023\/wp-json\/wp\/v2\/pages\/2578\/revisions"}],"predecessor-version":[{"id":4285,"href":"https:\/\/www.hochschulwettbewerb.net\/2023\/wp-json\/wp\/v2\/pages\/2578\/revisions\/4285"}],"wp:attachment":[{"href":"https:\/\/www.hochschulwettbewerb.net\/2023\/wp-json\/wp\/v2\/media?parent=2578"}],"curies":[{"name":"wp","href":"https:\/\/api.w.org\/{rel}","templated":true}]}}