{"id":52,"date":"2016-03-21T20:00:20","date_gmt":"2016-03-21T19:00:20","guid":{"rendered":"http:\/\/localhost\/hsw\/site\/?page_id=52"},"modified":"2022-10-12T17:33:14","modified_gmt":"2022-10-12T15:33:14","slug":"teilnahmebedingungen","status":"publish","type":"page","link":"https:\/\/www.hochschulwettbewerb.net\/2023\/teilnahmebedingungen\/","title":{"rendered":"Voraussetzungen"},"content":{"rendered":"<p style=\"text-align: left;\"><b>F\u00fcr die Teilnahme am <\/b><b><i>Hochschulwettbewerb<\/i><\/b><b> im Wissenschaftsjahr 2023 m\u00fcssen folgende Voraussetzungen erf\u00fcllt werden:<\/b><\/p>\n<ul style=\"text-align: left;\">\n<li aria-level=\"1\">Die Preisgelder in H\u00f6he von 10.000 Euro k\u00f6nnen nur an die Preistr\u00e4ger*innenhochschulen oder Preistr\u00e4ger*inneninstitutionen ausgezahlt werden. Die jeweilige Einrichtung muss f\u00fcr die Preistr\u00e4ger*innenprojekte entsprechende Konten veranlassen und die Preisgelder verwalten.<\/li>\n<li aria-level=\"1\">Alle pr\u00e4mierten Projekte m\u00fcssen im Wissenschaftsjahr 2023 bis zum 30. November 2023 umgesetzt und abgeschlossen werden.<\/li>\n<li aria-level=\"1\">Die pr\u00e4mierten Projekte nutzen die Blogpage des<i> Hochschulwettbewerbs<\/i> zur regelm\u00e4\u00dfigen Dokumentation ihres Projektverlaufs. Sie haben die M\u00f6glichkeit, \u00fcber den Loginbereich Text-, Video- und Bildartikel zu verfassen.<\/li>\n<li aria-level=\"1\">Au\u00dferdem kommunizieren sie gemeinsam \u00fcber den sich im Aufbau befindenden Instagram-Account. Die Kommunikation kann zus\u00e4tzlich auch \u00fcber projekteigene Social-Media-Accounts erfolgen.<\/li>\n<li aria-level=\"1\">Nach der Realisierung der Projekte m\u00fcssen ein Abschlussbericht und eine Kostenaufstellung zu den verwendeten Mitteln bis zum 31. Januar 2023 eingereicht werden.<\/li>\n<\/ul>\n<p style=\"text-align: left;\">\n<p style=\"text-align: left;\"><b>Wer kann mitmachen?<\/b><\/p>\n<ul style=\"text-align: left;\">\n<li aria-level=\"1\">Zur Teilnahme am Wettbewerb sind Studierende, Promovierende und Nachwuchswissenschaftler*innen aller Fachbereiche an Hochschulen wie auch au\u00dferuniversit\u00e4ren Forschungseinrichtungen in Deutschland aufgerufen, deren Projekte eine inhaltliche Besch\u00e4ftigung mit dem Thema des Wissenschaftsjahres 2023 \u2013 Unser Universum aufweisen.<\/li>\n<li aria-level=\"1\">Die Teilnahme ist sowohl f\u00fcr Teams als auch f\u00fcr Einzelpersonen m\u00f6glich.<\/li>\n<\/ul>\n<p style=\"text-align: left;\">Die Projektideen m\u00fcssen ab der zweiten Bewerbungsphase rechtsverbindlich, in der Regel also \u00fcber die Institutions-, Fachbereichs- oder Hochschulleitung eingereicht werden und von entsprechender Stelle abgestempelt sein<b>.<\/b><\/p>\n","protected":false},"excerpt":{"rendered":"<p>F\u00fcr die Teilnahme am Hochschulwettbewerb im Wissenschaftsjahr 2023 m\u00fcssen folgende Voraussetzungen erf\u00fcllt werden: Die Preisgelder in H\u00f6he von 10.000 Euro k\u00f6nnen nur an die Preistr\u00e4ger*innenhochschulen oder Preistr\u00e4ger*inneninstitutionen ausgezahlt werden. Die<span class=\"ellipsis\">&hellip;<\/span><\/p>\n","protected":false},"author":1,"featured_media":0,"parent":0,"menu_order":2,"comment_status":"closed","ping_status":"closed","template":"","meta":{"_acf_changed":false,"footnotes":""},"class_list":["post-52","page","type-page","status-publish","hentry"],"acf":[],"aioseo_notices":[],"_links":{"self":[{"href":"https:\/\/www.hochschulwettbewerb.net\/2023\/wp-json\/wp\/v2\/pages\/52","targetHints":{"allow":["GET"]}}],"collection":[{"href":"https:\/\/www.hochschulwettbewerb.net\/2023\/wp-json\/wp\/v2\/pages"}],"about":[{"href":"https:\/\/www.hochschulwettbewerb.net\/2023\/wp-json\/wp\/v2\/types\/page"}],"author":[{"embeddable":true,"href":"https:\/\/www.hochschulwettbewerb.net\/2023\/wp-json\/wp\/v2\/users\/1"}],"replies":[{"embeddable":true,"href":"https:\/\/www.hochschulwettbewerb.net\/2023\/wp-json\/wp\/v2\/comments?post=52"}],"version-history":[{"count":19,"href":"https:\/\/www.hochschulwettbewerb.net\/2023\/wp-json\/wp\/v2\/pages\/52\/revisions"}],"predecessor-version":[{"id":4053,"href":"https:\/\/www.hochschulwettbewerb.net\/2023\/wp-json\/wp\/v2\/pages\/52\/revisions\/4053"}],"wp:attachment":[{"href":"https:\/\/www.hochschulwettbewerb.net\/2023\/wp-json\/wp\/v2\/media?parent=52"}],"curies":[{"name":"wp","href":"https:\/\/api.w.org\/{rel}","templated":true}]}}