{"id":54,"date":"2016-03-21T20:00:45","date_gmt":"2016-03-21T19:00:45","guid":{"rendered":"http:\/\/localhost\/hsw\/site\/?page_id=54"},"modified":"2022-10-12T17:34:50","modified_gmt":"2022-10-12T15:34:50","slug":"bewertungskriterien","status":"publish","type":"page","link":"https:\/\/www.hochschulwettbewerb.net\/2023\/bewertungskriterien\/","title":{"rendered":"Bewertungskriterien"},"content":{"rendered":"<p><strong>Die Projektskizzen werden anhand folgender Aspekte von der Jury bewertet:<\/strong><\/p>\n<ul>\n<li aria-level=\"1\">Projektidee: Besteht ein inhaltlicher Bezug zum Thema des Wissenschaftsjahres 2023 \u2013 Unser Universum? Wie innovativ, kreativ und originell ist das gew\u00e4hlte Format? Passen Format und Zielgruppe zusammen? Wie gro\u00df ist die inhaltliche Qualit\u00e4t der Projektidee und welche wissenschaftlichen Ergebnisse werden einbezogen? Wie aktuell ist die Forschung?<\/li>\n<li aria-level=\"1\">Interaktivit\u00e4t: Wie kommt der Dialog mit der \u00d6ffentlichkeit zustande? Wie viel Interaktion ist geplant? Haben die B\u00fcrger*innen weitere M\u00f6glichkeiten am Projekt zu partizipieren?<\/li>\n<li aria-level=\"1\">Kommunikation: Welche Zielgruppe m\u00f6chte das Projekt erreichen und wie? Kann die Zielgruppe \u00fcber die geplanten kommunikativen Ma\u00dfnahmen und Kan\u00e4le erreicht werden?<\/li>\n<li aria-level=\"1\">Umsetzbarkeit: Ist das Vorhaben wie geplant umsetzbar? Wie praxisorientiert wird es gedacht und aufgezogen? Werden Partner wie beispielsweise St\u00e4dte und Kommunen, Startups und Unternehmen, lokale Initiativen etc. involviert? Aus wie vielen Personen besteht das Projektteam?<\/li>\n<\/ul>\n<p>Der Jury werden nur formal richtige und vollst\u00e4ndige Bewerbungen vorgelegt.<\/p>\n<p>&nbsp;<\/p>\n","protected":false},"excerpt":{"rendered":"<p>Die Projektskizzen werden anhand folgender Aspekte von der Jury bewertet: Projektidee: Besteht ein inhaltlicher Bezug zum Thema des Wissenschaftsjahres 2023 \u2013 Unser Universum? Wie innovativ, kreativ und originell ist das<span class=\"ellipsis\">&hellip;<\/span><\/p>\n","protected":false},"author":1,"featured_media":0,"parent":0,"menu_order":3,"comment_status":"closed","ping_status":"closed","template":"","meta":{"_acf_changed":false,"footnotes":""},"class_list":["post-54","page","type-page","status-publish","hentry"],"acf":[],"aioseo_notices":[],"_links":{"self":[{"href":"https:\/\/www.hochschulwettbewerb.net\/2023\/wp-json\/wp\/v2\/pages\/54","targetHints":{"allow":["GET"]}}],"collection":[{"href":"https:\/\/www.hochschulwettbewerb.net\/2023\/wp-json\/wp\/v2\/pages"}],"about":[{"href":"https:\/\/www.hochschulwettbewerb.net\/2023\/wp-json\/wp\/v2\/types\/page"}],"author":[{"embeddable":true,"href":"https:\/\/www.hochschulwettbewerb.net\/2023\/wp-json\/wp\/v2\/users\/1"}],"replies":[{"embeddable":true,"href":"https:\/\/www.hochschulwettbewerb.net\/2023\/wp-json\/wp\/v2\/comments?post=54"}],"version-history":[{"count":8,"href":"https:\/\/www.hochschulwettbewerb.net\/2023\/wp-json\/wp\/v2\/pages\/54\/revisions"}],"predecessor-version":[{"id":4055,"href":"https:\/\/www.hochschulwettbewerb.net\/2023\/wp-json\/wp\/v2\/pages\/54\/revisions\/4055"}],"wp:attachment":[{"href":"https:\/\/www.hochschulwettbewerb.net\/2023\/wp-json\/wp\/v2\/media?parent=54"}],"curies":[{"name":"wp","href":"https:\/\/api.w.org\/{rel}","templated":true}]}}