{"id":133,"date":"2016-04-07T11:56:12","date_gmt":"2016-04-07T09:56:12","guid":{"rendered":"http:\/\/www.hochschulwettbewerb.net\/?page_id=133"},"modified":"2025-02-12T16:00:47","modified_gmt":"2025-02-12T15:00:47","slug":"jury","status":"publish","type":"page","link":"https:\/\/www.hochschulwettbewerb.net\/2025\/jury\/","title":{"rendered":"Die Jury"},"content":{"rendered":"<p>Die Fachjury des Hochschulwettbewerbs 2025 setzt sich aus Forschenden sowie Kommunikationsexpert*innen zusammen. Sie bewerten die Projekte und k\u00fcren die Gewinner*innenprojekte.<\/p>\n<p>Die Jurymitglieder sind:<\/p>\n<p><strong>Dr. Katja B\u00e4r<\/strong><br \/>\nVorsitzende Bundesverband Hochschulkommunikation<\/p>\n<p><strong>Ralf Kellershohn<\/strong><br \/>\nStellv. Pressesprecher Hochschulrektorenkonferenz<\/p>\n<p><strong>Alexander Schwab<\/strong><br \/>\nProjektleiter Literatur f\u00fcr alle! (HSW 2024) und Masterstudent der Kognitionswissenschaft an der Uni T\u00fcbingen<\/p>\n<p><strong>Johanna Barnbeck<\/strong><br \/>\nK\u00fcnstlerische Forscherin und Kreativberaterin (Spread the Nerd)<\/p>\n<p><strong>Dr. Jahel Mielke<\/strong><br \/>\nDirektorin der Kommunikation der Agora Think Tanks und Fachjournalistin f\u00fcr Politik und Wirtschaft<\/p>\n<p><strong>Philipp Schr\u00f6gel<\/strong><br \/>\nWissenschaftskommunikator und Forscher an der TU Chemnitz zur PartWiss 3.0 Participation in Science<\/p>\n<p><strong>Prof. Dr. Viola Priesemann<\/strong><br \/>\nMitglied des Pr\u00e4sidiums der Jungen Akademie, Forschungsgruppenleiterin am Max-Planck-Institut f\u00fcr Dynamik und Selbstorganisation und Professorin am Fachbereich Physik an der Universit\u00e4t G\u00f6ttingen.<\/p>\n<p><strong>Prof. Dr.-Ing. Aleksandra-Sasa Bukvic-Sch\u00e4fer\u00a0<\/strong><br \/>\nProfessorin im Lehrbereich Elektrotechnik an der Hochschule Hamm-Lippstadt, Forschungsschwerpunkt Nachhaltige Energiesysteme<\/p>\n<p><strong>Jan Hildebrand<\/strong><br \/>\nLeiter des Arbeitsfeldes Umweltpsychologie am Institut f\u00fcr Zukunftsenergie- und Stromstoffsysteme (IZES), Forschungsschwerpunkte sind u.a. die Akzeptanz von erneuerbaren Energietechnologien sowie Beteiligungsprozesse und deren psychologische Dimensionen<\/p>\n<p><strong>Prof. Dr. Claudia Kemfert<\/strong><br \/>\nLeiterin der Abteilung Energie, Verkehr, Umwelt am Deutschen Institut f\u00fcr Wirtschaftsforschung (DIW Berlin) und Professorin f\u00fcr Energiewirtschaft und Energiepolitik an der Leuphana Universit\u00e4t<\/p>\n<p><strong>Dana Gieseke<\/strong><br \/>\nWissenschaftliche Leiterin der FUTURZWEI. Stiftung Zukunftsf\u00e4higkeit in Berlin (seit 2011), seit 2017 Kulturkorrespondentin f\u00fcr tazFUTURZWEI. Magazin f\u00fcr Zukunft und Politik und seit 2021 Lehrbeauftragte an der FH Aachen, Fakult\u00e4t Gestaltung<\/p>\n<p><strong>Laura Z\u00f6ckler<\/strong><br \/>\nEnergiewende-Botschafterin bei der B\u00fcrgerwerke eG, Pressesprecherin der Heidelberger Energiegenossenschaft<\/p>\n","protected":false},"excerpt":{"rendered":"<p>Die Fachjury des Hochschulwettbewerbs 2025 setzt sich aus Forschenden sowie Kommunikationsexpert*innen zusammen. Sie bewerten die Projekte und k\u00fcren die Gewinner*innenprojekte. Die Jurymitglieder sind: Dr. Katja B\u00e4r Vorsitzende Bundesverband Hochschulkommunikation Ralf<span class=\"ellipsis\">&hellip;<\/span><\/p>\n","protected":false},"author":2,"featured_media":0,"parent":0,"menu_order":0,"comment_status":"closed","ping_status":"closed","template":"","meta":{"_acf_changed":false,"footnotes":""},"class_list":["post-133","page","type-page","status-publish","hentry"],"acf":[],"aioseo_notices":[],"_links":{"self":[{"href":"https:\/\/www.hochschulwettbewerb.net\/2025\/wp-json\/wp\/v2\/pages\/133","targetHints":{"allow":["GET"]}}],"collection":[{"href":"https:\/\/www.hochschulwettbewerb.net\/2025\/wp-json\/wp\/v2\/pages"}],"about":[{"href":"https:\/\/www.hochschulwettbewerb.net\/2025\/wp-json\/wp\/v2\/types\/page"}],"author":[{"embeddable":true,"href":"https:\/\/www.hochschulwettbewerb.net\/2025\/wp-json\/wp\/v2\/users\/2"}],"replies":[{"embeddable":true,"href":"https:\/\/www.hochschulwettbewerb.net\/2025\/wp-json\/wp\/v2\/comments?post=133"}],"version-history":[{"count":97,"href":"https:\/\/www.hochschulwettbewerb.net\/2025\/wp-json\/wp\/v2\/pages\/133\/revisions"}],"predecessor-version":[{"id":4891,"href":"https:\/\/www.hochschulwettbewerb.net\/2025\/wp-json\/wp\/v2\/pages\/133\/revisions\/4891"}],"wp:attachment":[{"href":"https:\/\/www.hochschulwettbewerb.net\/2025\/wp-json\/wp\/v2\/media?parent=133"}],"curies":[{"name":"wp","href":"https:\/\/api.w.org\/{rel}","templated":true}]}}