{"id":25,"date":"2016-03-21T18:43:33","date_gmt":"2016-03-21T17:43:33","guid":{"rendered":"http:\/\/localhost\/hsw\/site\/?page_id=25"},"modified":"2025-10-13T10:03:02","modified_gmt":"2025-10-13T08:03:02","slug":"wettbewerb","status":"publish","type":"page","link":"https:\/\/www.hochschulwettbewerb.net\/2025\/wettbewerb\/","title":{"rendered":"Der Wettbewerb 2025"},"content":{"rendered":"<p><b>Zeigt eure Forschung!<\/b><\/p>\n<p><b><i>Der Hochschulwettbewerb im Wissenschaftsjahr 2025 \u2013\u00a0 Zukunftsenergie<\/i><\/b><\/p>\n<p>Egal ob wir am Smartphone spielen, Auto fahren, Kaffee kochen oder eine Serie streamen: Wir sind st\u00e4ndig auf Energie angewiesen. Wir verbrauchen Energie, wir tanken Energie, wir versuchen, Energie zu sparen. Die Erzeugung und der Umgang mit verschiedenen Energieformen sind zentrale Herausforderungen unserer Zeit. Angesichts der Klimakrise und knappen Ressourcen m\u00fcssen wir neue Wege finden, um unsere Energieversorgung nachhaltig sicherzustellen und fair zu gestalten. Daf\u00fcr braucht es nicht nur innovative Technologien und kreative L\u00f6sungen, sondern auch die Zusammenarbeit und das Engagement aus verschiedenen Bereichen. Die Energiewende kann nur dann gelingen, wenn Politik, Wissenschaft, Wirtschaft und Zivilgesellschaft gemeinsam in eine Richtung gehen.<\/p>\n<p>Im <b>Hochschulwettbewerb 2025 \u2013 Zeigt eure Forschung!<\/b> m\u00f6chten wir verschiedene Aspekte der Zukunftsenergie beleuchten und junge Forschende dazu einladen, eigene kreative <b>Kommunikationsprojekte<\/b> durchzuf\u00fchren. Wie kann eine nachhaltige Energieversorgung der Zukunft aussehen? Auf welchen Technologien und Konzepten k\u00f6nnte sie basieren? Wie k\u00f6nnen wir unseren Energieverbrauch reduzieren und effizienter gestalten?<\/p>\n<p>Besonders m\u00f6chten wir geistes- und gesellschaftswissenschaftliche sowie k\u00fcnstlerisch forschende Fragestellungen in den Fokus r\u00fccken. Welche sozialen und kulturellen Ver\u00e4nderungen sind notwendig, um die Energiewende zu unterst\u00fctzen? Wie kann die gesellschaftliche Akzeptanz f\u00fcr neue Technologien gest\u00e4rkt werden? Welche Art von Kommunikation \u00fcber die Energiewende braucht es, um alle B\u00fcrger*innen abzuholen? Welche ethischen Fragen ergeben sich aus dem globalen Zugang zu Energie und den damit verbundenen Ungleichheiten? Und wie k\u00f6nnen wir sicherstellen, dass die Energiewende gerecht und inklusiv gestaltet wird?<\/p>\n<p>Mit dem Wettbewerb ruft <i>Wissenschaft im Dialog (WiD)<\/i> Studierende, Promovierende und junge Forschende <b>aller Fachrichtungen<\/b> dazu auf, ihre Kommunikationsideen zu innovativen Technologien wie Geothermie oder Wasserstoff sowie zu Themen wie nachhaltige Mobilit\u00e4t, soziale Gerechtigkeit und Energiearmut, intelligente Netze und mehr einzureichen. Wir suchen nach einfallsreichen Projekten, die<b> wissenschaftliche Inhalte f\u00fcr B\u00fcrger*innen zug\u00e4nglich machen<\/b> und den Austausch zwischen Forschung und Gesellschaft f\u00f6rdern<b>.<\/b><\/p>\n<p>Von gesellschaftlichen Aspekten bis hin zu technischen Innovationen \u2013 eure Kreativit\u00e4t ist gefragt!<\/p>\n<p><b>Die Einreichungsfrist endet am 25. November 2024.<\/b><\/p>\n<p>Die <b>zehn besten Ideen<\/b> werden mit <b>je 10.000 Euro zur Umsetzung<\/b> belohnt. Die Teams werden \u00fcber das gesamte Jahr von WiD betreut und bei der Umsetzung unterst\u00fctzt. Zus\u00e4tzlich bieten wir Workshops und Schulungen zur Wissenschaftskommunikation an und erm\u00f6glichen den Gewinner*innen den Zugang zum Alumni-Netzwerk des Hochschulwettbewerbs.<\/p>\n<p>&nbsp;<\/p>\n<p><b>Wer kann mitmachen?<\/b><br \/>\nTeilnehmen k\u00f6nnen <b>Studierende, Promovierende sowie junge Forschende aller Fachrichtungen<\/b>, die an einer Hochschule, Universit\u00e4t oder au\u00dferuniversit\u00e4ren Forschungseinrichtung in Deutschland ans\u00e4ssig sind.<\/p>\n<p>&nbsp;<\/p>\n<p><b>Wie kann man teilnehmen?<\/b><\/p>\n<p>Interessierte f\u00fcllen bis zum 25. November 2024 das Bewerbungsformular auf der Webseite des Hochschulwettbewerbs aus: <b>www.hochschulwettbewerb.net\/2025<\/b><\/p>\n<p>&nbsp;<\/p>\n<p><b>Worum soll es gehen?<\/b><\/p>\n<p>Ein Pop-Up-Restaurant, das neue Arten der Energiegewinnung nutzt, ein Planspiel zu nachhaltiger Stadtentwicklung oder eine Ausstellung, die die Auswirkungen des Klimawandels auf die Energieversorgung beleuchtet: Gesucht werden <b>kreative Projektideen, die einen aktiven Dialog mit B\u00fcrger*innen zu verschiedenen Dimensionen der Zukunftsenergien initiieren<\/b>. Wir ermutigen zu interdisziplin\u00e4ren Ans\u00e4tzen und sind offen f\u00fcr geistes- und gesellschaftswissenschaftliche, kreativ-forschende sowie naturwissenschaftliche Ideen. Um eine praxisorientierte Umsetzung zu gew\u00e4hrleisten und die Verbreitung der Inhalte \u00fcber geeignete Kan\u00e4le zu f\u00f6rdern, ist die Einbindung von lokalen Partnern wie Kommunen, Unternehmen, Startups und Initiativen erw\u00fcnscht.<\/p>\n<p>&nbsp;<\/p>\n<p><b>Wie geht es weiter?\u00a0<\/b><\/p>\n<table>\n<tbody>\n<tr>\n<td>31. Oktober 2024<\/td>\n<td>Digitale offene Sprechstunde um 12 Uhr auf <a href=\"https:\/\/us06web.zoom.us\/j\/84035410031\"><b>Zoom<\/b><\/a><\/td>\n<\/tr>\n<tr>\n<td>20. November 2024<\/td>\n<td>Digitale offene Sprechstunde um 16 Uhr auf <a href=\"https:\/\/us06web.zoom.us\/j\/85920143007\"><b>Zoom<\/b><\/a><\/td>\n<\/tr>\n<tr>\n<td>25. November 2024<\/td>\n<td>Frist zur Einreichung des <b>Online-Bewerbungsformulars<\/b><\/td>\n<\/tr>\n<tr>\n<td>Mitte Dezember 2024<\/td>\n<td>Vorauswahl der 25 bis 30 vielversprechendsten Ideen und Feedback<\/td>\n<\/tr>\n<tr>\n<td>Mitte Januar 2025<\/td>\n<td>Frist zur Einreichung der Detailskizzen (maximal f\u00fcnf Seiten)<\/td>\n<\/tr>\n<tr>\n<td>Mitte Februar 2025<\/td>\n<td>Jurysitzung, Bekanntgabe der Gewinner*innen<\/td>\n<\/tr>\n<tr>\n<td>Anfang M\u00e4rz 2025<\/td>\n<td>Zweiteiliger Auftaktworkshop zur Wissenschaftskommunikation und Projektstart<\/td>\n<\/tr>\n<tr>\n<td>Laufend:<\/td>\n<td>Workshops, Fortbildungen und Beratung von <i>WiD<\/i><\/td>\n<\/tr>\n<tr>\n<td>Dezember 2025<\/td>\n<td>\n<ul>\n<li aria-level=\"1\">Projektabschluss<\/li>\n<\/ul>\n<\/td>\n<\/tr>\n<tr>\n<td><\/td>\n<td>\n<ul>\n<li aria-level=\"1\">Aufnahme in das Hochschulwettbewerb-Alumni-Netzwerk<\/li>\n<\/ul>\n<\/td>\n<\/tr>\n<\/tbody>\n<\/table>\n","protected":false},"excerpt":{"rendered":"<p>Zeigt eure Forschung! Der Hochschulwettbewerb im Wissenschaftsjahr 2025 \u2013\u00a0 Zukunftsenergie Egal ob wir am Smartphone spielen, Auto fahren, Kaffee kochen oder eine Serie streamen: Wir sind st\u00e4ndig auf Energie angewiesen.<span class=\"ellipsis\">&hellip;<\/span><\/p>\n","protected":false},"author":1,"featured_media":0,"parent":0,"menu_order":5,"comment_status":"closed","ping_status":"closed","template":"","meta":{"_acf_changed":false,"footnotes":""},"class_list":["post-25","page","type-page","status-publish","hentry"],"acf":[],"aioseo_notices":[],"_links":{"self":[{"href":"https:\/\/www.hochschulwettbewerb.net\/2025\/wp-json\/wp\/v2\/pages\/25","targetHints":{"allow":["GET"]}}],"collection":[{"href":"https:\/\/www.hochschulwettbewerb.net\/2025\/wp-json\/wp\/v2\/pages"}],"about":[{"href":"https:\/\/www.hochschulwettbewerb.net\/2025\/wp-json\/wp\/v2\/types\/page"}],"author":[{"embeddable":true,"href":"https:\/\/www.hochschulwettbewerb.net\/2025\/wp-json\/wp\/v2\/users\/1"}],"replies":[{"embeddable":true,"href":"https:\/\/www.hochschulwettbewerb.net\/2025\/wp-json\/wp\/v2\/comments?post=25"}],"version-history":[{"count":91,"href":"https:\/\/www.hochschulwettbewerb.net\/2025\/wp-json\/wp\/v2\/pages\/25\/revisions"}],"predecessor-version":[{"id":4957,"href":"https:\/\/www.hochschulwettbewerb.net\/2025\/wp-json\/wp\/v2\/pages\/25\/revisions\/4957"}],"wp:attachment":[{"href":"https:\/\/www.hochschulwettbewerb.net\/2025\/wp-json\/wp\/v2\/media?parent=25"}],"curies":[{"name":"wp","href":"https:\/\/api.w.org\/{rel}","templated":true}]}}