{"id":133,"date":"2016-04-07T11:56:12","date_gmt":"2016-04-07T09:56:12","guid":{"rendered":"http:\/\/www.hochschulwettbewerb.net\/?page_id=133"},"modified":"2026-03-02T18:08:49","modified_gmt":"2026-03-02T17:08:49","slug":"jury","status":"publish","type":"page","link":"https:\/\/www.hochschulwettbewerb.net\/2026\/jury\/","title":{"rendered":"Die Jury"},"content":{"rendered":"<p>Die Fachjury des Hochschulwettbewerbs 2026 setzt sich aus Forschenden sowie Kommunikationsexpert*innen zusammen. Sie bewerten die Projekte und k\u00fcren die Gewinner*innenprojekte.<\/p>\n<p>Die diesj\u00e4hrige Jury ist noch nicht vollst\u00e4ndig und wird laufend erg\u00e4nzt. Bisher best\u00e4tigte Jurymitglieder sind:<\/p>\n<p><strong>Dr. Katja B\u00e4r<\/strong><br \/>\nVorsitzende Bundesverband Hochschulkommunikation<\/p>\n<p><strong>Dr. Christoph Hilgert<\/strong><br \/>\nPressesprecher Hochschulrektorenkonferenz<\/p>\n<p><strong>Dr. Ekkehard Winter<br \/>\n<\/strong>Strategieberater im Bereich Bildungspolitik, Vorstandsrat der GDN\u00c4, Molekularbiologe und ehemaliger Gesch\u00e4ftsf\u00fchrer Deutsche Telekom Stiftung<\/p>\n<p><strong>Dr. Hani Harb<\/strong><br \/>\nJuniorprofessor f\u00fcr Infektionsimmunologie am Institut f\u00fcr Medizinische Mikrobiologie und Virologie der TU Dresden, Mitglied der Jungen Akademie und der EUTOPIA Young Leaders Academy sowie Gr\u00fcnder und Vorstandsmitglied der Deutsch-Syrische Forschungsstiftung e.V.<\/p>\n<p><strong>Philipp Schr\u00f6gel<\/strong><br \/>\nWissenschaftskommunikator und Gastwissenschaftler an der TU Chemnitz (Projekt PartWiss) und am Bonn Lab for analog Games and Imaginative Play<\/p>\n<p><strong>Antonia Kaspar<\/strong><br \/>\nAntonia hat Molekulare Medizin an der Universit\u00e4t Regensburg studiert. Sie leitete das sozial engagierte Techno-Kollektiv \u201eMehr Liebe\u201c und setzt sich seit \u00fcber f\u00fcnf Jahren im Netzwerk Nachhaltigkeit e.V. f\u00fcr mehr Klimaschutz ein. 2025 war sie mit ihrem Projekt \u201eAusstellungsrave\u201c (jetzt \u201eElektrifiziert!\u201c) Teil des Hochschulwettbewerbs.<\/p>\n<p><strong>Dr. Helena Hartmann<\/strong><br \/>\nPromovierte Psychologin und Postdoc am Universit\u00e4tsklinikum Essen zu neuronalen Mechanismen von Placebo- und Noceboeffekten im Bereich Schmerz. Aktive Wissenschaftskommunikatorin und Gr\u00fcnderin des Projekts \u201eScience &amp; Fiction\u201c. 2022 ausgezeichnet mit dem SciComm Ambassador Award der Deutschen Gesellschaft f\u00fcr Psychologie (Fachgruppe Biologische und Neuropsychologie).<\/p>\n<p><strong> Prof. Dr. Gesine B\u00e4r<\/strong><br \/>\nVizepr\u00e4sidentin f\u00fcr Forschung, Kooperation und Weiterbildung sowie Professorin f\u00fcr partizipative Ans\u00e4tze in Sozial- und Gesundheitswissenschaften an der Alice-Salomon-Hochschule Berlin, Mitglied der Berlin School of Public Health, Co-Sprecher:in des Netzwerks ParNet und der AG partizipative Forschung in der Deutschen Gesellschaft f\u00fcr Sozialmedizin und Pr\u00e4vention.<\/p>\n<p><strong>Dr. Theresa D. Ahrens<\/strong><br \/>\nMolekularmedizinerin und Leiterin der Abteilung Digital Health Engineering am Fraunhofer IESE. Sie entwickelt digitale Gesundheitsl\u00f6sungen mit Fokus auf Dateninteroperabilit\u00e4t und vertrauensw\u00fcrdige KI, um Forschung in skalierbare Anwendungen f\u00fcr die medizinische Praxis zu \u00fcberf\u00fchren.<\/p>\n<p><b>Prof. Dr. Cornelia Blume<br \/>\n<\/b>Au\u00dferplanm\u00e4\u00dfige Professorin und Gruppenleiterin am Institut f\u00fcr Technische Chemie der Leibniz Universit\u00e4t Hannover mit Laboren am NIFE. Fach\u00e4rztin f\u00fcr Nephrologie und Hypertensiologin (DHL). Ihre Forschungsschwerpunkte liegen in der Biomarkerforschung, im Tissue Engineering, in der Implantatentwicklung sowie in der Digitalisierung im Gesundheitssystem.<\/p>\n<div><strong>Dr. Eva Maria Holly<\/strong><br \/>\nSprecherin der mit:forschen AG \u201eCitizen Science in Medizin und Gesundheitsforschung\u201c, \u00a0Wissenschaftskommunikatorin, Mediatorin, Trainerin und promovierte Historikerin. Sie leitete viele Jahre die Wissenschaftskommunikation am Centre for Health and Society (chs) der Heinrich-Heine-Universit\u00e4t &amp; des Universit\u00e4tsklinikums D\u00fcsseldorf.<\/div>\n","protected":false},"excerpt":{"rendered":"<p>Die Fachjury des Hochschulwettbewerbs 2026 setzt sich aus Forschenden sowie Kommunikationsexpert*innen zusammen. Sie bewerten die Projekte und k\u00fcren die Gewinner*innenprojekte. Die diesj\u00e4hrige Jury ist noch nicht vollst\u00e4ndig und wird laufend<span class=\"ellipsis\">&hellip;<\/span><\/p>\n","protected":false},"author":2,"featured_media":0,"parent":0,"menu_order":0,"comment_status":"closed","ping_status":"closed","template":"","meta":{"_acf_changed":false,"footnotes":""},"class_list":["post-133","page","type-page","status-publish","hentry"],"acf":[],"aioseo_notices":[],"_links":{"self":[{"href":"https:\/\/www.hochschulwettbewerb.net\/2026\/wp-json\/wp\/v2\/pages\/133","targetHints":{"allow":["GET"]}}],"collection":[{"href":"https:\/\/www.hochschulwettbewerb.net\/2026\/wp-json\/wp\/v2\/pages"}],"about":[{"href":"https:\/\/www.hochschulwettbewerb.net\/2026\/wp-json\/wp\/v2\/types\/page"}],"author":[{"embeddable":true,"href":"https:\/\/www.hochschulwettbewerb.net\/2026\/wp-json\/wp\/v2\/users\/2"}],"replies":[{"embeddable":true,"href":"https:\/\/www.hochschulwettbewerb.net\/2026\/wp-json\/wp\/v2\/comments?post=133"}],"version-history":[{"count":110,"href":"https:\/\/www.hochschulwettbewerb.net\/2026\/wp-json\/wp\/v2\/pages\/133\/revisions"}],"predecessor-version":[{"id":5261,"href":"https:\/\/www.hochschulwettbewerb.net\/2026\/wp-json\/wp\/v2\/pages\/133\/revisions\/5261"}],"wp:attachment":[{"href":"https:\/\/www.hochschulwettbewerb.net\/2026\/wp-json\/wp\/v2\/media?parent=133"}],"curies":[{"name":"wp","href":"https:\/\/api.w.org\/{rel}","templated":true}]}}