{"id":25,"date":"2016-03-21T18:43:33","date_gmt":"2016-03-21T17:43:33","guid":{"rendered":"http:\/\/localhost\/hsw\/site\/?page_id=25"},"modified":"2025-12-01T09:11:30","modified_gmt":"2025-12-01T08:11:30","slug":"wettbewerb","status":"publish","type":"page","link":"https:\/\/www.hochschulwettbewerb.net\/2026\/wettbewerb\/","title":{"rendered":"Der Wettbewerb"},"content":{"rendered":"<p><strong>Zeigt eure Forschung!<\/strong><br \/>\nDer Hochschulwettbewerb im Wissenschaftsjahr 2026 \u2013 Medizin der Zukunft<\/p>\n<p>Vom Fitnessarmband am Handgelenk bis zu den Vitamintabletten auf dem Fr\u00fchst\u00fccksteller, von der Vorsorgeuntersuchung in der haus\u00e4rztlichen Praxis bis zur Pflege zuhause: Medizin begleitet uns auf ganz unterschiedliche Weise durch den Alltag. Neue Technologien und Forschungsergebnisse ver\u00e4ndern, wie wir gesund bleiben: Wir entwickeln neue Therapien f\u00fcr Krankheiten oder leben durch Pr\u00e4vention und Vorsorge bewusster. Doch wie sieht die Medizin von morgen konkret aus? Welche M\u00f6glichkeiten er\u00f6ffnet sie, welche Fragen wirft sie auf? Und wie k\u00f6nnen B\u00fcrger*innen diese Zukunft mitgestalten?<\/p>\n<p>Im Hochschulwettbewerb \u2013 Zeigt eure Forschung! m\u00f6chten wir junge Forschende dazu einladen, eigene Kommunikationsprojekte rund um die Medizin der Zukunft zu entwickeln. Wie funktioniert eine Medizin, die vorbeugt statt behandelt? Welche Vorteile bringen personalisierte Therapien bei der Versorgung von Volkskrankheiten wie Diabetes oder Bluthochdruck? Was passiert, wenn eine K\u00fcnstliche Intelligenz Diagnosen stellt? Und wie kann Telemedizin gerade in l\u00e4ndlichen Regionen die Versorgung sichern?<\/p>\n<p>Neben Kommunikationsvorhaben zu medizinisch-technologischen Innovationen m\u00f6chten wir besonders geistes- und gesellschaftswissenschaftliche sowie k\u00fcnstlerisch forschende Beitr\u00e4ge und interdisziplin\u00e4re Impulse in den Fokus r\u00fccken. Welche sozialen und kulturellen Ver\u00e4nderungen sind notwendig, um Pr\u00e4vention nachhaltig in den Alltag zu integrieren? Welche Art von Kommunikation braucht es, um B\u00fcrger*innen dabei zu unterst\u00fctzen, informierte Entscheidungen zu treffen? Welche ethischen Fragen stellen sich beim Umgang mit Gesundheitsdaten oder neuen Therapieverfahren? Und wie k\u00f6nnen wir sicherstellen, dass die Medizin der Zukunft gerecht, barrierefrei und inklusiv gestaltet wird?<\/p>\n<p>Mit dem Wettbewerb l\u00e4dt Wissenschaft im Dialog (WiD) Studierende, Promovierende und junge Forschende ein, ihre Konzepte zur Medizin der Zukunft sichtbar zu machen. Wir suchen nach Projektideen, die Forschung lebendig erz\u00e4hlen, Menschen ins Gespr\u00e4ch bringen und neue Perspektiven er\u00f6ffnen. Ob ihr digitale Technologien erlebbar macht, personalisierte Behandlungen verst\u00e4ndlich erkl\u00e4rt oder zeigt, wie Patient*innen und B\u00fcrger*innen die Medizin aktiv mitgestalten k\u00f6nnen: Entscheidend ist, dass eure Ideen Br\u00fccken schlagen zwischen Wissenschaft und Gesellschaft.<\/p>\n<p><strong>Die Einreichungsfrist endet am 30. November 2025.<\/strong><\/p>\n<p>Die zehn besten Ideen werden mit je 10.000 Euro zur Umsetzung belohnt. Die Teams werden \u00fcber das gesamte Jahr von WiD betreut und bei der Umsetzung unterst\u00fctzt. Zus\u00e4tzlich bieten wir Workshops und Schulungen zur Wissenschaftskommunikation an und erm\u00f6glichen den Gewinner*innen den Zugang zum Alumni-Netzwerk des Hochschulwettbewerbs.<br \/>\nWer kann mitmachen? Teilnehmen k\u00f6nnen Studierende, Promovierende sowie junge Forschende aller Fachrichtungen, die an einer Hochschule, Universit\u00e4t oder au\u00dferuniversit\u00e4ren Forschungseinrichtung in Deutschland ans\u00e4ssig sind.<\/p>\n<p><strong>Wie kann man teilnehmen?<\/strong><br \/>\nInteressierte f\u00fcllen bis zum 30. November 2025 das einseitige<a href=\"https:\/\/www.hochschulwettbewerb.net\/2026\/bewerbungsformular-2\/\"> Online-Bewerbungsfo<\/a>r<a href=\"https:\/\/www.hochschulwettbewerb.net\/2026\/bewerbungsformular-2\/\">mular<\/a> aus.<\/p>\n<p><strong>Worum soll es gehen?<\/strong><br \/>\nEine Science-Fiction-Simulation, die zeigt, wie eine Arztpraxis im Jahr 2050 aussieht. Ein Pop-Up-Labor auf einem Marktplatz, in dem B\u00fcrger*innen ihre Blutzuckerwerte bestimmen k\u00f6nnen. Oder ein partizipatives Kunstprojekt, bei dem Patient*innen und Forschende gemeinsam Gesundheitsdaten in eine Multimedia-Installation \u00fcbersetzen. Gesucht werden Ideen, die auf ungew\u00f6hnliche Weise Neugier wecken, Diskussionen ansto\u00dfen und B\u00fcrger*innen aktiv einbeziehen, um \u00fcber die Medizin von morgen ins Gespr\u00e4ch zu kommen. Dabei sind interdisziplin\u00e4re Zug\u00e4nge ausdr\u00fccklich willkommen \u2013 von geistes- und sozialwissenschaftlichen Perspektiven \u00fcber k\u00fcnstlerische Zug\u00e4nge bis hin zu natur- und gesundheitswissenschaftlichen Impulsen. Um eine praxisorientierte Umsetzung zu gew\u00e4hrleisten und die Verbreitung der Inhalte \u00fcber geeignete Kan\u00e4le zu f\u00f6rdern, ist die Einbindung von lokalen Partner*innen wie Kommunen, Unternehmen, Startups und Initiativen erw\u00fcnscht.<\/p>\n<p>&nbsp;<\/p>\n<p><b>Wie geht es weiter?\u00a0<\/b><\/p>\n<table>\n<tbody>\n<tr>\n<td>27. Oktober 2025<\/td>\n<td>Digitale offene Sprechstunde um 16 Uhr auf <a href=\"https:\/\/us06web.zoom.us\/j\/85486274334\"><b>Zoom<\/b><\/a><\/td>\n<\/tr>\n<tr>\n<td>20. November 2025<\/td>\n<td>Digitale offene Sprechstunde um 12 Uhr auf <a href=\"https:\/\/us06web.zoom.us\/j\/85486274334\"><b>Zoom<\/b><\/a><\/td>\n<\/tr>\n<tr>\n<td>30. November 2025<\/td>\n<td>Frist zur Einreichung des <b>Online-Bewerbungsformulars<\/b><\/td>\n<\/tr>\n<tr>\n<td>Mitte Dezember 2025<\/td>\n<td>Vorauswahl der 25 bis 30 vielversprechendsten Ideen und Feedback<\/td>\n<\/tr>\n<tr>\n<td>Mitte Januar 2026<\/td>\n<td>Frist zur Einreichung der Detailskizzen (maximal f\u00fcnf Seiten)<\/td>\n<\/tr>\n<tr>\n<td>Mitte Februar 2026<\/td>\n<td>Jurysitzung, Bekanntgabe der Gewinner*innen<\/td>\n<\/tr>\n<tr>\n<td>Anfang M\u00e4rz 2026<\/td>\n<td>Zweiteiliger Auftaktworkshop zur Wissenschaftskommunikation und Projektstart<\/td>\n<\/tr>\n<tr>\n<td>Laufend:<\/td>\n<td>Workshops, Fortbildungen und Beratung von <i>WiD<\/i><\/td>\n<\/tr>\n<tr>\n<td>Dezember 2026<\/td>\n<td>Projektabschluss<\/td>\n<\/tr>\n<tr>\n<td><\/td>\n<td>Aufnahme in das Hochschulwettbewerb-Alumni-Netzwerk<\/td>\n<\/tr>\n<\/tbody>\n<\/table>\n","protected":false},"excerpt":{"rendered":"<p>Zeigt eure Forschung! Der Hochschulwettbewerb im Wissenschaftsjahr 2026 \u2013 Medizin der Zukunft Vom Fitnessarmband am Handgelenk bis zu den Vitamintabletten auf dem Fr\u00fchst\u00fccksteller, von der Vorsorgeuntersuchung in der haus\u00e4rztlichen Praxis<span class=\"ellipsis\">&hellip;<\/span><\/p>\n","protected":false},"author":1,"featured_media":0,"parent":0,"menu_order":5,"comment_status":"closed","ping_status":"closed","template":"","meta":{"_acf_changed":false,"footnotes":""},"class_list":["post-25","page","type-page","status-publish","hentry"],"acf":[],"aioseo_notices":[],"_links":{"self":[{"href":"https:\/\/www.hochschulwettbewerb.net\/2026\/wp-json\/wp\/v2\/pages\/25","targetHints":{"allow":["GET"]}}],"collection":[{"href":"https:\/\/www.hochschulwettbewerb.net\/2026\/wp-json\/wp\/v2\/pages"}],"about":[{"href":"https:\/\/www.hochschulwettbewerb.net\/2026\/wp-json\/wp\/v2\/types\/page"}],"author":[{"embeddable":true,"href":"https:\/\/www.hochschulwettbewerb.net\/2026\/wp-json\/wp\/v2\/users\/1"}],"replies":[{"embeddable":true,"href":"https:\/\/www.hochschulwettbewerb.net\/2026\/wp-json\/wp\/v2\/comments?post=25"}],"version-history":[{"count":95,"href":"https:\/\/www.hochschulwettbewerb.net\/2026\/wp-json\/wp\/v2\/pages\/25\/revisions"}],"predecessor-version":[{"id":5245,"href":"https:\/\/www.hochschulwettbewerb.net\/2026\/wp-json\/wp\/v2\/pages\/25\/revisions\/5245"}],"wp:attachment":[{"href":"https:\/\/www.hochschulwettbewerb.net\/2026\/wp-json\/wp\/v2\/media?parent=25"}],"curies":[{"name":"wp","href":"https:\/\/api.w.org\/{rel}","templated":true}]}}