{"id":52,"date":"2016-03-21T20:00:20","date_gmt":"2016-03-21T19:00:20","guid":{"rendered":"http:\/\/localhost\/hsw\/site\/?page_id=52"},"modified":"2025-10-10T23:32:42","modified_gmt":"2025-10-10T21:32:42","slug":"teilnahmebedingungen","status":"publish","type":"page","link":"https:\/\/www.hochschulwettbewerb.net\/2026\/teilnahmebedingungen\/","title":{"rendered":"Voraussetzungen"},"content":{"rendered":"<p><b>Wer kann mitmachen?<\/b><\/p>\n<ul>\n<li aria-level=\"1\">Zur Teilnahme am Wettbewerb sind Studierende, Promovierende und Nachwuchsforschende aller Fachbereiche an Hochschulen wie auch au\u00dferuniversit\u00e4ren Forschungseinrichtungen in Deutschland aufgerufen, deren Projekte eine inhaltliche Besch\u00e4ftigung mit dem Thema des Wissenschaftsjahres 2026 \u2013 Medizin der Zukunft aufweisen.<\/li>\n<li aria-level=\"1\">Die Teilnahme ist sowohl f\u00fcr Teams als auch f\u00fcr Einzelpersonen m\u00f6glich.<\/li>\n<li aria-level=\"1\">F\u00fcr eine erfolgreiche Umsetzung der Projekte wird die Einbindung von lokalen Partnern wie Kommunen, Unternehmen, Startups und Initiativen empfohlen.<\/li>\n<\/ul>\n<p>&#x1f6f8;\u00a0Die Projektideen m\u00fcssen ab der zweiten Bewerbungsphase rechtsverbindlich, in der Regel also \u00fcber die Institutions-, Fachbereichs- oder Hochschulleitung eingereicht werden und von entsprechender Stelle abgestempelt sein<b>.<\/b><\/p>\n<p>&nbsp;<\/p>\n<p><b>F\u00fcr die Teilnahme am <\/b><b>Hochschulwettbewerb<\/b><b> im Wissenschaftsjahr 2026 m\u00fcssen folgende Voraussetzungen erf\u00fcllt werden:<\/b><\/p>\n<ul>\n<li aria-level=\"1\">Die Preisgelder in H\u00f6he von 10.000 Euro k\u00f6nnen nur an die Hochschulen und Institutionen der Preistr\u00e4ger*innen ausgezahlt werden. Die jeweilige Einrichtung muss f\u00fcr die Preistr\u00e4ger*innen entsprechende Konten veranlassen und die Preisgelder verwalten.<\/li>\n<li aria-level=\"1\">Alle pr\u00e4mierten Projekte m\u00fcssen im Wissenschaftsjahr 2026 bis zum 31. Dezember 2026 umgesetzt und abgeschlossen werden.<\/li>\n<li aria-level=\"1\">Die pr\u00e4mierten Projekte nutzen die <a href=\"http:\/\/www.hochschulwettbewerb.net\">Projektwebseite<\/a> zur Vorstellung ihrer Projekte. \u00dcber den Loginbereich haben die Gewinner*innen die M\u00f6glichkeit, individuelle Projektunterseiten zu erstellen und Inhalte auch im Laufe des Jahres zu erg\u00e4nzen. Zus\u00e4tzlich soll der gemeinsame <a href=\"https:\/\/www.instagram.com\/hochschulwettbewerb\/\">Instagram Account<\/a> zur regelm\u00e4\u00dfigen Dokumentation der Projektverl\u00e4ufe genutzt werden.<\/li>\n<li aria-level=\"1\">Die Kommunikation kann zus\u00e4tzlich \u00fcber projekteigene Social-Media-Accounts erfolgen.<\/li>\n<li aria-level=\"1\">Nach der Realisierung der Projekte m\u00fcssen ein Abschlussbericht und eine Kostenaufstellung zu den verwendeten Mitteln bis zum 28. Februar\u00a0 2026 eingereicht werden.<\/li>\n<\/ul>\n","protected":false},"excerpt":{"rendered":"<p>Wer kann mitmachen? Zur Teilnahme am Wettbewerb sind Studierende, Promovierende und Nachwuchsforschende aller Fachbereiche an Hochschulen wie auch au\u00dferuniversit\u00e4ren Forschungseinrichtungen in Deutschland aufgerufen, deren Projekte eine inhaltliche Besch\u00e4ftigung mit dem<span class=\"ellipsis\">&hellip;<\/span><\/p>\n","protected":false},"author":1,"featured_media":0,"parent":0,"menu_order":2,"comment_status":"closed","ping_status":"closed","template":"","meta":{"_acf_changed":false,"footnotes":""},"class_list":["post-52","page","type-page","status-publish","hentry"],"acf":[],"aioseo_notices":[],"_links":{"self":[{"href":"https:\/\/www.hochschulwettbewerb.net\/2026\/wp-json\/wp\/v2\/pages\/52","targetHints":{"allow":["GET"]}}],"collection":[{"href":"https:\/\/www.hochschulwettbewerb.net\/2026\/wp-json\/wp\/v2\/pages"}],"about":[{"href":"https:\/\/www.hochschulwettbewerb.net\/2026\/wp-json\/wp\/v2\/types\/page"}],"author":[{"embeddable":true,"href":"https:\/\/www.hochschulwettbewerb.net\/2026\/wp-json\/wp\/v2\/users\/1"}],"replies":[{"embeddable":true,"href":"https:\/\/www.hochschulwettbewerb.net\/2026\/wp-json\/wp\/v2\/comments?post=52"}],"version-history":[{"count":23,"href":"https:\/\/www.hochschulwettbewerb.net\/2026\/wp-json\/wp\/v2\/pages\/52\/revisions"}],"predecessor-version":[{"id":4994,"href":"https:\/\/www.hochschulwettbewerb.net\/2026\/wp-json\/wp\/v2\/pages\/52\/revisions\/4994"}],"wp:attachment":[{"href":"https:\/\/www.hochschulwettbewerb.net\/2026\/wp-json\/wp\/v2\/media?parent=52"}],"curies":[{"name":"wp","href":"https:\/\/api.w.org\/{rel}","templated":true}]}}